{"id":1132,"date":"2014-04-07T21:08:39","date_gmt":"2014-04-07T19:08:39","guid":{"rendered":"http:\/\/oldencamping.com\/info\/"},"modified":"2019-04-23T12:15:43","modified_gmt":"2019-04-23T10:15:43","slug":"info","status":"publish","type":"page","link":"https:\/\/oldencamping.com\/de\/info\/","title":{"rendered":"Info"},"content":{"rendered":"<p>[et_pb_section fb_built=&#8220;1&#8243; admin_label=&#8220;Header&#8220; _builder_version=&#8220;3.22.3&#8243; background_image=&#8220;http:\/\/oldencamping.com\/wp-content\/uploads\/2019\/04\/18953613_1347333108677524_1038951409377703421_o-lav.jpg&#8220; min_height=&#8220;825px&#8220; custom_margin=&#8220;|||||&#8220; custom_padding=&#8220;||||true|false&#8220; custom_width_px__hover=&#8220;1080px&#8220; custom_width_px__hover_enabled=&#8220;1080px&#8220; custom_width_percent__hover=&#8220;80%&#8220; custom_width_percent__hover_enabled=&#8220;80%&#8220; locked=&#8220;off&#8220; background_color_gradient_start__hover=&#8220;#2b87da&#8220; background_color_gradient_start__hover_enabled=&#8220;#2b87da&#8220; background_color_gradient_end__hover=&#8220;#29c4a9&#8243; background_color_gradient_end__hover_enabled=&#8220;#29c4a9&#8243; use_background_color_gradient__hover=&#8220;off&#8220; use_background_color_gradient__hover_enabled=&#8220;off&#8220; background_color_gradient_type__hover=&#8220;linear&#8220; background_color_gradient_type__hover_enabled=&#8220;linear&#8220; background_color_gradient_direction__hover=&#8220;180deg&#8220; background_color_gradient_direction__hover_enabled=&#8220;180deg&#8220; background_color_gradient_direction_radial__hover=&#8220;center&#8220; background_color_gradient_direction_radial__hover_enabled=&#8220;center&#8220; background_color_gradient_start_position__hover=&#8220;0%&#8220; background_color_gradient_start_position__hover_enabled=&#8220;0%&#8220; background_color_gradient_end_position__hover=&#8220;100%&#8220; background_color_gradient_end_position__hover_enabled=&#8220;100%&#8220; background_color_gradient_overlays_image__hover=&#8220;off&#8220; background_color_gradient_overlays_image__hover_enabled=&#8220;off&#8220; gutter_width__hover=&#8220;3&#8243; gutter_width__hover_enabled=&#8220;3&#8243; parallax_1__hover=&#8220;off&#8220; parallax_1__hover_enabled=&#8220;off&#8220; parallax_2__hover=&#8220;off&#8220; parallax_2__hover_enabled=&#8220;off&#8220; parallax_3__hover=&#8220;off&#8220; parallax_3__hover_enabled=&#8220;off&#8220; parallax_method_1__hover=&#8220;on&#8220; parallax_method_1__hover_enabled=&#8220;on&#8220; parallax_method_2__hover=&#8220;on&#8220; parallax_method_2__hover_enabled=&#8220;on&#8220; parallax_method_3__hover=&#8220;on&#8220; parallax_method_3__hover_enabled=&#8220;on&#8220; background_position__hover=&#8220;center&#8220; background_position__hover_enabled=&#8220;center&#8220; parallax__hover=&#8220;off&#8220; parallax__hover_enabled=&#8220;off&#8220; parallax_method__hover=&#8220;on&#8220; parallax_method__hover_enabled=&#8220;on&#8220; background_size__hover=&#8220;cover&#8220; background_size__hover_enabled=&#8220;cover&#8220; background_repeat__hover=&#8220;no-repeat&#8220; background_repeat__hover_enabled=&#8220;no-repeat&#8220; background_blend__hover=&#8220;normal&#8220; background_blend__hover_enabled=&#8220;normal&#8220; allow_player_pause__hover=&#8220;off&#8220; allow_player_pause__hover_enabled=&#8220;off&#8220; background_video_pause_outside_viewport__hover=&#8220;on&#8220; background_video_pause_outside_viewport__hover_enabled=&#8220;on&#8220; inner_shadow__hover=&#8220;off&#8220; inner_shadow__hover_enabled=&#8220;off&#8220; make_fullwidth__hover=&#8220;off&#8220; make_fullwidth__hover_enabled=&#8220;off&#8220; use_custom_width__hover=&#8220;off&#8220; use_custom_width__hover_enabled=&#8220;off&#8220; width_unit__hover=&#8220;on&#8220; width_unit__hover_enabled=&#8220;on&#8220; make_equal__hover=&#8220;off&#8220; make_equal__hover_enabled=&#8220;off&#8220; use_custom_gutter__hover=&#8220;off&#8220; use_custom_gutter__hover_enabled=&#8220;off&#8220; border_radii__hover=&#8220;on||||&#8220; border_radii__hover_enabled=&#8220;on||||&#8220; box_shadow_style__hover=&#8220;none&#8220; box_shadow_style__hover_enabled=&#8220;none&#8220; box_shadow_color__hover=&#8220;rgba(0,0,0,0.3)&#8220; box_shadow_color__hover_enabled=&#8220;rgba(0,0,0,0.3)&#8220; max_width__hover=&#8220;100%&#8220; max_width__hover_enabled=&#8220;100%&#8220; filter_hue_rotate__hover=&#8220;0deg&#8220; filter_hue_rotate__hover_enabled=&#8220;0deg&#8220; filter_saturate__hover=&#8220;100%&#8220; filter_saturate__hover_enabled=&#8220;100%&#8220; filter_brightness__hover=&#8220;100%&#8220; filter_brightness__hover_enabled=&#8220;100%&#8220; filter_contrast__hover=&#8220;100%&#8220; filter_contrast__hover_enabled=&#8220;100%&#8220; filter_invert__hover=&#8220;0%&#8220; filter_invert__hover_enabled=&#8220;0%&#8220; filter_sepia__hover=&#8220;0%&#8220; filter_sepia__hover_enabled=&#8220;0%&#8220; filter_opacity__hover=&#8220;100%&#8220; filter_opacity__hover_enabled=&#8220;100%&#8220; filter_blur__hover=&#8220;0px&#8220; filter_blur__hover_enabled=&#8220;0px&#8220; mix_blend_mode__hover=&#8220;normal&#8220; mix_blend_mode__hover_enabled=&#8220;normal&#8220; animation_style__hover=&#8220;none&#8220; animation_style__hover_enabled=&#8220;none&#8220; animation_repeat__hover=&#8220;once&#8220; animation_repeat__hover_enabled=&#8220;once&#8220; animation_direction__hover=&#8220;center&#8220; animation_direction__hover_enabled=&#8220;center&#8220; animation_duration__hover=&#8220;1000ms&#8220; animation_duration__hover_enabled=&#8220;1000ms&#8220; animation_delay__hover=&#8220;0ms&#8220; animation_delay__hover_enabled=&#8220;0ms&#8220; animation_intensity_slide__hover=&#8220;50%&#8220; animation_intensity_slide__hover_enabled=&#8220;50%&#8220; animation_intensity_zoom__hover=&#8220;50%&#8220; animation_intensity_zoom__hover_enabled=&#8220;50%&#8220; animation_intensity_flip__hover=&#8220;50%&#8220; animation_intensity_flip__hover_enabled=&#8220;50%&#8220; animation_intensity_fold__hover=&#8220;50%&#8220; animation_intensity_fold__hover_enabled=&#8220;50%&#8220; animation_intensity_roll__hover=&#8220;50%&#8220; animation_intensity_roll__hover_enabled=&#8220;50%&#8220; animation_starting_opacity__hover=&#8220;0%&#8220; animation_starting_opacity__hover_enabled=&#8220;0%&#8220; animation_speed_curve__hover=&#8220;ease-in-out&#8220; animation_speed_curve__hover_enabled=&#8220;ease-in-out&#8220; hover_transition_duration__hover=&#8220;300ms&#8220; hover_transition_duration__hover_enabled=&#8220;300ms&#8220; hover_transition_delay__hover=&#8220;0ms&#8220; hover_transition_delay__hover_enabled=&#8220;0ms&#8220; hover_transition_speed_curve__hover=&#8220;ease&#8220; hover_transition_speed_curve__hover_enabled=&#8220;ease&#8220;][\/et_pb_section][et_pb_section fb_built=&#8220;1&#8243; custom_padding_last_edited=&#8220;on|tablet&#8220; admin_label=&#8220;Contact Form&#8220; _builder_version=&#8220;3.22.4&#8243; background_color=&#8220;rgba(19,23,54,0)&#8220; background_image=&#8220;http:\/\/oldencamping.com\/wp-content\/uploads\/2019\/04\/golf_course_43-trans.png&#8220; background_position=&#8220;bottom_center&#8220; custom_padding=&#8220;||||false|false&#8220; custom_padding_tablet=&#8220;||40px&#8220; locked=&#8220;off&#8220;][et_pb_row custom_padding=&#8220;32px|37px|32px|37px|true|true&#8220; custom_padding_tablet=&#8220;60px|60px|60px|60px|true|true&#8220; custom_padding_phone=&#8220;|30px||30px||true&#8220; custom_margin=&#8220;-350px|auto||auto||&#8220; make_equal=&#8220;on&#8220; custom_padding_last_edited=&#8220;on|phone&#8220; background_color_2=&#8220;#efefef&#8220; padding_top_2=&#8220;20px&#8220; padding_right_2=&#8220;20px&#8220; padding_bottom_2=&#8220;20px&#8220; padding_left_2=&#8220;20px&#8220; _builder_version=&#8220;3.22.3&#8243; background_color=&#8220;#fcfcfc&#8220; border_radii=&#8220;|5px|5px|5px|5px&#8220; box_shadow_style=&#8220;preset1&#8243; box_shadow_vertical=&#8220;-22px&#8220; box_shadow_spread=&#8220;1px&#8220; box_shadow_color=&#8220;rgba(0,0,0,0.25)&#8220; max_width=&#8220;963px&#8220; min_height=&#8220;448px&#8220; custom_css_main_element=&#8220;z-index:1000;&#8220; use_custom_width=&#8220;on&#8220; custom_width_px=&#8220;800px&#8220;][et_pb_column type=&#8220;4_4&#8243; _builder_version=&#8220;3.19.3&#8243;][et_pb_text _builder_version=&#8220;3.22&#8243; text_font=&#8220;||||||||&#8220; header_font=&#8220;||||||||&#8220; header_2_font=&#8220;Oswald|500||on|on|||#81c100|&#8220; header_2_font_size=&#8220;48px&#8220; header_2_font_size_tablet=&#8220;32px&#8220; header_2_font_size_phone=&#8220;24px&#8220; header_2_font_size_last_edited=&#8220;on|tablet&#8220; header_2_line_height=&#8220;1.6em&#8220; background_color=&#8220;#efefef&#8220; text_orientation=&#8220;center&#8220; width=&#8220;100%&#8220; max_width=&#8220;700px&#8220; module_alignment=&#8220;center&#8220; custom_padding=&#8220;20px||10px|||&#8220;]<\/p>\n<h1>Info<\/h1>\n<p>[\/et_pb_text][et_pb_text admin_label=&#8220;Text&#8220; _builder_version=&#8220;3.22.1&#8243; background_size=&#8220;initial&#8220; background_position=&#8220;top_left&#8220; background_repeat=&#8220;repeat&#8220;]<\/p>\n<p>Unser Angebot: 50 Stellpl\u00e4tze- 3 H\u00fctten- 1Wohnung- 50 Stromanschl\u00fcsse Entsorgungsm\u00f6glichkeit f\u00fcr Abwasser- und WC-Tanks Auff\u00fcllen von Frischwasser Spielplatz mit Trampolin und Ballspielm\u00f6glichkeit Grillplatz, Grillh\u00fctte, Sanit\u00e4re Anlage (beheizt, warmes Wasser) Damen- und Herrenabteilung &#8211; Behindertengerechter Raum \/ Familienraum Waschk\u00fcche, K\u00fcche Kiosk Drahtloses Internet WIFI (frei) Frisches Brot \/ frische Br\u00f6tchen jeden Morgen! Abends bestellen &#8211; am n\u00e4chsten Morgen abholen! Wir legen gro\u00dfen Wert auf guten Service und Sauberkeit und hei\u00dfen Sie herzlich willkommen!<\/p>\n<p>Ferienh\u00fcser und Ferienwohnung vermietet, gehen auf Booking.com. F\u00fcr die Informationen wieder. Bettw\u00e4sche und Schlafs\u00e4cke, wir legen groBen Wert auf Sauberkeit in den Betten zu den H\u00fctten und die Wohnung so Bettw\u00e4sche\/handtuch hier f\u00fcr Nok 100,- gemietet werden k\u00f6nnen-pro Set.<\/p>\n<p><img loading=\"lazy\" decoding=\"async\" width=\"400\" height=\"74\" class=\"alignnone size-full wp-image-193\" alt=\"Oldensymb\" src=\"http:\/\/oldencamping.com\/wp-content\/uploads\/2014\/04\/Oldensymb.gif\" \/><\/p>\n<p>[\/et_pb_text][\/et_pb_column][\/et_pb_row][\/et_pb_section][et_pb_section fb_built=&#8220;1&#8243; _builder_version=&#8220;3.22.3&#8243;][et_pb_row use_custom_gutter=&#8220;on&#8220; gutter_width=&#8220;2&#8243; custom_padding=&#8220;30px|30px|0px|30px||&#8220; custom_margin=&#8220;||60px&#8220; background_color_2=&#8220;#ffffff&#8220; padding_top_bottom_link_2=&#8220;true&#8220; padding_left_right_link_2=&#8220;true&#8220; padding_top_2=&#8220;20px&#8220; padding_right_2=&#8220;20px&#8220; padding_bottom_2=&#8220;20px&#8220; padding_left_2=&#8220;20px&#8220; _builder_version=&#8220;3.22.3&#8243; background_color=&#8220;#f2f2f2&#8243; border_radii=&#8220;|10px|5px|5px|5px&#8220;][et_pb_column type=&#8220;4_4&#8243; _builder_version=&#8220;3.22&#8243;][et_pb_text _builder_version=&#8220;3.22.1&#8243;]<\/p>\n<h2><span>4 hytter<\/span><\/h2>\n<h2><\/h2>\n<h3>Hytte 1<\/h3>\n<p>Plass til 4 personer, kj\u00f8kken krok ,felles sanit\u00e6r anlegg<\/p>\n<h3>Hytte 2 og 3<\/h3>\n<p>Plass til 3 personer ,kj\u00f8kken krok , felles sanit\u00e6r anlegg<\/p>\n<p>[\/et_pb_text][et_pb_gallery gallery_ids=&#8220;935,931,927,923,919,915,911,907,903&#8243; posts_number=&#8220;36&#8243; show_title_and_caption=&#8220;off&#8220; show_pagination=&#8220;off&#8220; _builder_version=&#8220;3.22.1&#8243; border_radii_image=&#8220;on|2px|2px|2px|2px&#8220; border_color_all_image=&#8220;#070E36&#8243; box_shadow_style_image=&#8220;preset1&#8243; box_shadow_blur_image=&#8220;8px&#8220; custom_css_gallery_item=&#8220;width: 29.3% !important;||margin: 2%  !important;||clear: none !important;||&#8220; saved_tabs=&#8220;all&#8220;][\/et_pb_gallery][\/et_pb_column][\/et_pb_row][et_pb_row use_custom_gutter=&#8220;on&#8220; gutter_width=&#8220;2&#8243; custom_padding=&#8220;30px|30px|0px|30px||&#8220; custom_margin=&#8220;||60px&#8220; background_color_2=&#8220;#ffffff&#8220; padding_top_bottom_link_2=&#8220;true&#8220; padding_left_right_link_2=&#8220;true&#8220; padding_top_2=&#8220;20px&#8220; padding_right_2=&#8220;20px&#8220; padding_bottom_2=&#8220;20px&#8220; padding_left_2=&#8220;20px&#8220; _builder_version=&#8220;3.22.3&#8243; background_color=&#8220;#f2f2f2&#8243; border_radii=&#8220;|10px|5px|5px|5px&#8220;][et_pb_column type=&#8220;4_4&#8243; _builder_version=&#8220;3.22&#8243;][et_pb_text _builder_version=&#8220;3.22.1&#8243;]<\/p>\n<h2><span>Leilighet<\/span><\/h2>\n<p>Plass til 4 personer. Der er det kj\u00f8kken, dusj og wc. Ekstra barneseng.<\/p>\n<p>[\/et_pb_text][et_pb_gallery gallery_ids=&#8220;959,963,967,971,975,979,983&#8243; posts_number=&#8220;36&#8243; show_title_and_caption=&#8220;off&#8220; show_pagination=&#8220;off&#8220; _builder_version=&#8220;3.22.1&#8243; border_radii_image=&#8220;on|2px|2px|2px|2px&#8220; border_color_all_image=&#8220;#070E36&#8243; box_shadow_style_image=&#8220;preset1&#8243; box_shadow_blur_image=&#8220;8px&#8220; custom_css_gallery_item=&#8220;width: 29.3% !important;||margin: 2%  !important;||clear: none !important;||&#8220; saved_tabs=&#8220;all&#8220;][\/et_pb_gallery][\/et_pb_column][\/et_pb_row][et_pb_row use_custom_gutter=&#8220;on&#8220; gutter_width=&#8220;2&#8243; custom_padding=&#8220;30px|30px|0px|30px||&#8220; custom_margin=&#8220;||60px&#8220; background_color_2=&#8220;#ffffff&#8220; padding_top_bottom_link_2=&#8220;true&#8220; padding_left_right_link_2=&#8220;true&#8220; padding_top_2=&#8220;20px&#8220; padding_right_2=&#8220;20px&#8220; padding_bottom_2=&#8220;20px&#8220; padding_left_2=&#8220;20px&#8220; _builder_version=&#8220;3.22.3&#8243; background_color=&#8220;#f2f2f2&#8243; border_radii=&#8220;|10px|5px|5px|5px&#8220;][et_pb_column type=&#8220;4_4&#8243; _builder_version=&#8220;3.22&#8243;][et_pb_text _builder_version=&#8220;3.22.1&#8243;]<\/p>\n<h2><span>Nystova<\/span><\/h2>\n<p>Plass til 6 personer,kj\u00f8kken, dusj og wc. Barneseng ved behov.<\/p>\n<p>[\/et_pb_text][et_pb_gallery gallery_ids=&#8220;1021,989,993,997,1001,1005,1009,1013,1017&#8243; posts_number=&#8220;36&#8243; show_title_and_caption=&#8220;off&#8220; show_pagination=&#8220;off&#8220; _builder_version=&#8220;3.22.1&#8243; border_radii_image=&#8220;on|2px|2px|2px|2px&#8220; border_color_all_image=&#8220;#070E36&#8243; box_shadow_style_image=&#8220;preset1&#8243; box_shadow_blur_image=&#8220;8px&#8220; custom_css_gallery_item=&#8220;width: 29.3% !important;||margin: 2%  !important;||clear: none !important;||&#8220; saved_tabs=&#8220;all&#8220;][\/et_pb_gallery][\/et_pb_column][\/et_pb_row][et_pb_row use_custom_gutter=&#8220;on&#8220; gutter_width=&#8220;2&#8243; custom_padding=&#8220;30px|30px|0px|30px||&#8220; custom_margin=&#8220;||60px&#8220; background_color_2=&#8220;#ffffff&#8220; padding_top_bottom_link_2=&#8220;true&#8220; padding_left_right_link_2=&#8220;true&#8220; padding_top_2=&#8220;20px&#8220; padding_right_2=&#8220;20px&#8220; padding_bottom_2=&#8220;20px&#8220; padding_left_2=&#8220;20px&#8220; _builder_version=&#8220;3.22.3&#8243; background_color=&#8220;#f2f2f2&#8243; border_radii=&#8220;|10px|5px|5px|5px&#8220;][et_pb_column type=&#8220;4_4&#8243; _builder_version=&#8220;3.22&#8243;][et_pb_text _builder_version=&#8220;3.22.1&#8243;]<\/p>\n<h2>Campingvogn<\/h2>\n<p>Plass til 5 personer, kj\u00f8kkenkrok, stort fortelt. Felles sanit\u00e6ranlegg.<\/p>\n<p>[\/et_pb_text][et_pb_gallery gallery_ids=&#8220;1088,1072,1076,1080,1084,1068&#8243; posts_number=&#8220;36&#8243; show_title_and_caption=&#8220;off&#8220; show_pagination=&#8220;off&#8220; _builder_version=&#8220;3.22.1&#8243; border_radii_image=&#8220;on|2px|2px|2px|2px&#8220; border_color_all_image=&#8220;#070E36&#8243; box_shadow_style_image=&#8220;preset1&#8243; box_shadow_blur_image=&#8220;8px&#8220; custom_css_gallery_item=&#8220;width: 29.3% !important;||margin: 2%  !important;||clear: none !important;||&#8220; saved_tabs=&#8220;all&#8220;][\/et_pb_gallery][\/et_pb_column][\/et_pb_row][et_pb_row use_custom_gutter=&#8220;on&#8220; gutter_width=&#8220;2&#8243; custom_padding=&#8220;30px|30px|0px|30px||&#8220; custom_margin=&#8220;||60px&#8220; background_color_2=&#8220;#ffffff&#8220; padding_top_bottom_link_2=&#8220;true&#8220; padding_left_right_link_2=&#8220;true&#8220; padding_top_2=&#8220;20px&#8220; padding_right_2=&#8220;20px&#8220; padding_bottom_2=&#8220;20px&#8220; padding_left_2=&#8220;20px&#8220; _builder_version=&#8220;3.22.3&#8243; background_color=&#8220;#f2f2f2&#8243; border_radii=&#8220;|10px|5px|5px|5px&#8220;][et_pb_column type=&#8220;4_4&#8243; _builder_version=&#8220;3.22&#8243;][et_pb_text _builder_version=&#8220;3.22.1&#8243;]<\/p>\n<h2>Glamping<\/h2>\n<p>[\/et_pb_text][et_pb_gallery gallery_ids=&#8220;1094,1098,1102,1106&#8243; posts_number=&#8220;36&#8243; show_title_and_caption=&#8220;off&#8220; show_pagination=&#8220;off&#8220; _builder_version=&#8220;3.22.1&#8243; border_radii_image=&#8220;on|2px|2px|2px|2px&#8220; border_color_all_image=&#8220;#070E36&#8243; box_shadow_style_image=&#8220;preset1&#8243; box_shadow_blur_image=&#8220;8px&#8220; custom_css_gallery_item=&#8220;width: 29.3% !important;||margin: 2%  !important;||clear: none !important;||&#8220; saved_tabs=&#8220;all&#8220;][\/et_pb_gallery][\/et_pb_column][\/et_pb_row][\/et_pb_section]<\/p>\n","protected":false},"excerpt":{"rendered":"<p>InfoUnser Angebot: 50 Stellpl\u00e4tze- 3 H\u00fctten- 1Wohnung- 50 Stromanschl\u00fcsse Entsorgungsm\u00f6glichkeit f\u00fcr Abwasser- und WC-Tanks Auff\u00fcllen von Frischwasser Spielplatz mit Trampolin und Ballspielm\u00f6glichkeit Grillplatz, Grillh\u00fctte, Sanit\u00e4re Anlage (beheizt, warmes Wasser) Damen- und Herrenabteilung &#8211; Behindertengerechter Raum \/ Familienraum Waschk\u00fcche, K\u00fcche Kiosk Drahtloses Internet WIFI (frei) Frisches Brot \/ frische Br\u00f6tchen jeden Morgen! Abends bestellen &#8211; am [&hellip;]<\/p>\n","protected":false},"author":1,"featured_media":0,"parent":0,"menu_order":0,"comment_status":"closed","ping_status":"open","template":"","meta":{"_et_pb_use_builder":"on","_et_pb_old_content":"<!--:NO-->\r\n<span style=\"font-family: Verdana; font-size: small;\">Vi kan tilby:<\/span> \u00b7 kapasitet 50 enheter \u00b7\u00a04 hytter \u00b7 1 Leilighet \u00b7 50 str\u00f8muttak \u00b7 T\u00f8mmeplass for bobil \/ caravan \u00b7 P\u00e5fylling av rent vann \u00b7 Lekeplass med trampoliner, ballplass \u00b7 Grillplass, gapahuk (grillhus) \u00b7 Sanit\u00e6ranlegg: \u00b7 Dame- \/ Herreavdeling, ( oppvarmet, m\/ varmt vann ) \u00b7 HC- rom \/ familierom ( oppvarmet, m\/ varmt vann ) \u00b7 Vaskerom \/ kj\u00f8kken \u00b7 Kiosk <span style=\"font-family: Verdana; font-size: small;\">.\u00a0Tr\u00e5dl\u00f8s Internett WIFI,<\/span> Ferske br\u00f8d og rundstykker hver morgen! Dere bestiller om kvelden og henter dem i kiosken om morgenen! Vertskapet p\u00e5 Olden Camping Gytri, legger stor vekt p\u00e5 service og renhold!!!\u00a0\r\n\r\nHytter og leilighet leies ut, g\u00e5 inn p\u00e5 Booking.com. For info vedr. senget\u00f8y og soveposer, vi legger\u00a0stor vekt p\u00e5 renslighet i sengene til hyttene og leiligheten, s\u00e5 senget\u00f8y\/handkle kan leies her for Nok 100,- pr. sett.\r\n\r\nVi \u00f8nsker Dere hjertelig velkommen!\r\n\r\n<img width=\"400\" height=\"74\" class=\"alignnone size-full wp-image-193\" alt=\"Oldensymb\" src=\"http:\/\/oldencamping.com\/wp-content\/uploads\/2014\/04\/Oldensymb.gif\">\r\n<!--:-->\r\n\r\n<!--:en-->\r\nWe can offer you: - Capacity for 50 tents\/caravans\/motorhomes - 3 cabins - 1 apartment - 50 outlets for power supply - Disposal for camping toilettes - Renewing of reservoir water - Playground with trampolines, ball place, ect - Barbecue place, gapahuk,\u00a0 Sanitary facilities: - Lady and gentleman area with: wash cabinet, hot showers and heated floor. - Handicap-adjusted toilette, (heated, hot water) - Washing machine, dryer \/ kitchen - Kiosk \/ shop - Phone - WIFI internett (free) Fresh bread and rolls can be bought every morning. Just order them in the evening and pick them up at the kiosk the following morning.\r\n\r\nCottages and apartment rented out, go to Booking.com. For the info re. bed linen and sleeping bags, we put great emphasis on cleanliness in the beds to the huts and the apartment, so bed linen\/Towel can be rented here for Nok 100,-per set.\r\n\r\n<img width=\"400\" height=\"74\" class=\"alignnone size-full wp-image-193\" alt=\"Oldensymb\" src=\"http:\/\/oldencamping.com\/wp-content\/uploads\/2014\/04\/Oldensymb.gif\">\r\n<!--:-->\r\n\r\n<!--:de-->\r\nUnser Angebot: 50 Stellpl\u00e4tze- 3 H\u00fctten- 1Wohnung- 50 Stromanschl\u00fcsse Entsorgungsm\u00f6glichkeit f\u00fcr Abwasser- und WC-Tanks Auff\u00fcllen von Frischwasser Spielplatz mit Trampolin und Ballspielm\u00f6glichkeit Grillplatz, Grillh\u00fctte, Sanit\u00e4re Anlage (beheizt, warmes Wasser) Damen- und Herrenabteilung - Behindertengerechter Raum \/ Familienraum Waschk\u00fcche, K\u00fcche Kiosk Drahtloses Internet WIFI (frei) Frisches Brot \/ frische Br\u00f6tchen jeden Morgen! Abends bestellen - am n\u00e4chsten Morgen abholen! Wir legen gro\u00dfen Wert auf guten Service und Sauberkeit und hei\u00dfen Sie herzlich willkommen!\u00a0\r\n\r\nFerienh\u00fcser und Ferienwohnung vermietet, gehen auf Booking.com. F\u00fcr die Informationen wieder. Bettw\u00e4sche und Schlafs\u00e4cke, wir legen groBen Wert auf Sauberkeit in den Betten zu den H\u00fctten und die Wohnung so Bettw\u00e4sche\/handtuch hier f\u00fcr Nok 100,- gemietet werden k\u00f6nnen-pro Set.\r\n\r\n<img width=\"400\" height=\"74\" class=\"alignnone size-full wp-image-193\" alt=\"Oldensymb\" src=\"http:\/\/oldencamping.com\/wp-content\/uploads\/2014\/04\/Oldensymb.gif\">\r\n<!--:-->\r\n\r\n<!--:nl-->\r\nWij bieden u: - Capaciteit voor 50 tenten \/ caravans \/ campers - 3 hutten - 1 appartement - 50 verkooppunten voor de voeding - afvalverwijdering voor camping toilettes - Vernieuwing van het reservoir water - Speeltuin met trampolines, bal plaats, ect - Barbecue plaats, gapahuk , Sanitair: - Lady en gentleman met: spoelruimte, warme douches en vloerverwarming. --Handicap aangepast toilette, (verwarmd, warm water) - wasmachine, droger \/ keuken - Kiosk \/ winkel - Telefoon - WIFI internett (gratis) Vers brood en broodjes kunnen elke ochtend worden gekocht. Gewoon om ze in de avond en af te halen bij de kiosk de volgende ochtend.\r\n\r\nHuisjes en appartement verhuurd, ga naar Booking.com. Voor de info opnieuw. beddengoed en slaapzakken, we grote nadruk op de netheid in de bedden aan de hutten en het appartement, zodat beddengoed\/handdoek kan hier worden gehuurd voor Nok 100,-per set.\r\n\r\n<img width=\"400\" height=\"74\" class=\"alignnone size-full wp-image-193\" alt=\"Oldensymb\" src=\"http:\/\/oldencamping.com\/wp-content\/uploads\/2014\/04\/Oldensymb.gif\">\r\n<!--:-->","_et_gb_content_width":"","footnotes":""},"class_list":["post-1132","page","type-page","status-publish","hentry"],"_links":{"self":[{"href":"https:\/\/oldencamping.com\/de\/wp-json\/wp\/v2\/pages\/1132","targetHints":{"allow":["GET"]}}],"collection":[{"href":"https:\/\/oldencamping.com\/de\/wp-json\/wp\/v2\/pages"}],"about":[{"href":"https:\/\/oldencamping.com\/de\/wp-json\/wp\/v2\/types\/page"}],"author":[{"embeddable":true,"href":"https:\/\/oldencamping.com\/de\/wp-json\/wp\/v2\/users\/1"}],"replies":[{"embeddable":true,"href":"https:\/\/oldencamping.com\/de\/wp-json\/wp\/v2\/comments?post=1132"}],"version-history":[{"count":5,"href":"https:\/\/oldencamping.com\/de\/wp-json\/wp\/v2\/pages\/1132\/revisions"}],"predecessor-version":[{"id":1488,"href":"https:\/\/oldencamping.com\/de\/wp-json\/wp\/v2\/pages\/1132\/revisions\/1488"}],"wp:attachment":[{"href":"https:\/\/oldencamping.com\/de\/wp-json\/wp\/v2\/media?parent=1132"}],"curies":[{"name":"wp","href":"https:\/\/api.w.org\/{rel}","templated":true}]}}