{"id":1419,"date":"2014-04-07T21:09:13","date_gmt":"2014-04-07T19:09:13","guid":{"rendered":"http:\/\/oldencamping.com\/aktiviteter\/"},"modified":"2019-04-22T19:52:26","modified_gmt":"2019-04-22T17:52:26","slug":"aktiviteter","status":"publish","type":"page","link":"https:\/\/oldencamping.com\/de\/aktiviteter\/","title":{"rendered":"Aktivit\u00e4ten"},"content":{"rendered":"<p>[et_pb_section fb_built=&#8220;1&#8243; admin_label=&#8220;Header&#8220; _builder_version=&#8220;3.22.1&#8243; background_image=&#8220;http:\/\/oldencamping.com\/wp-content\/uploads\/2019\/04\/received_10160518245180551-lite.jpg&#8220; min_height=&#8220;660px&#8220; custom_margin=&#8220;|||||&#8220; custom_padding=&#8220;||||true|false&#8220; custom_width_px__hover=&#8220;1080px&#8220; custom_width_px__hover_enabled=&#8220;1080px&#8220; custom_width_percent__hover=&#8220;80%&#8220; custom_width_percent__hover_enabled=&#8220;80%&#8220; locked=&#8220;off&#8220; background_color_gradient_start__hover=&#8220;#2b87da&#8220; background_color_gradient_start__hover_enabled=&#8220;#2b87da&#8220; background_color_gradient_end__hover=&#8220;#29c4a9&#8243; background_color_gradient_end__hover_enabled=&#8220;#29c4a9&#8243; use_background_color_gradient__hover=&#8220;off&#8220; use_background_color_gradient__hover_enabled=&#8220;off&#8220; background_color_gradient_type__hover=&#8220;linear&#8220; background_color_gradient_type__hover_enabled=&#8220;linear&#8220; background_color_gradient_direction__hover=&#8220;180deg&#8220; background_color_gradient_direction__hover_enabled=&#8220;180deg&#8220; background_color_gradient_direction_radial__hover=&#8220;center&#8220; background_color_gradient_direction_radial__hover_enabled=&#8220;center&#8220; background_color_gradient_start_position__hover=&#8220;0%&#8220; background_color_gradient_start_position__hover_enabled=&#8220;0%&#8220; background_color_gradient_end_position__hover=&#8220;100%&#8220; background_color_gradient_end_position__hover_enabled=&#8220;100%&#8220; background_color_gradient_overlays_image__hover=&#8220;off&#8220; background_color_gradient_overlays_image__hover_enabled=&#8220;off&#8220; gutter_width__hover=&#8220;3&#8243; gutter_width__hover_enabled=&#8220;3&#8243; parallax_1__hover=&#8220;off&#8220; parallax_1__hover_enabled=&#8220;off&#8220; parallax_2__hover=&#8220;off&#8220; parallax_2__hover_enabled=&#8220;off&#8220; parallax_3__hover=&#8220;off&#8220; parallax_3__hover_enabled=&#8220;off&#8220; parallax_method_1__hover=&#8220;on&#8220; parallax_method_1__hover_enabled=&#8220;on&#8220; parallax_method_2__hover=&#8220;on&#8220; parallax_method_2__hover_enabled=&#8220;on&#8220; parallax_method_3__hover=&#8220;on&#8220; parallax_method_3__hover_enabled=&#8220;on&#8220; background_position__hover=&#8220;center&#8220; background_position__hover_enabled=&#8220;center&#8220; parallax__hover=&#8220;off&#8220; parallax__hover_enabled=&#8220;off&#8220; parallax_method__hover=&#8220;on&#8220; parallax_method__hover_enabled=&#8220;on&#8220; background_size__hover=&#8220;cover&#8220; background_size__hover_enabled=&#8220;cover&#8220; background_repeat__hover=&#8220;no-repeat&#8220; background_repeat__hover_enabled=&#8220;no-repeat&#8220; background_blend__hover=&#8220;normal&#8220; background_blend__hover_enabled=&#8220;normal&#8220; allow_player_pause__hover=&#8220;off&#8220; allow_player_pause__hover_enabled=&#8220;off&#8220; background_video_pause_outside_viewport__hover=&#8220;on&#8220; background_video_pause_outside_viewport__hover_enabled=&#8220;on&#8220; inner_shadow__hover=&#8220;off&#8220; inner_shadow__hover_enabled=&#8220;off&#8220; make_fullwidth__hover=&#8220;off&#8220; make_fullwidth__hover_enabled=&#8220;off&#8220; use_custom_width__hover=&#8220;off&#8220; use_custom_width__hover_enabled=&#8220;off&#8220; width_unit__hover=&#8220;on&#8220; width_unit__hover_enabled=&#8220;on&#8220; make_equal__hover=&#8220;off&#8220; make_equal__hover_enabled=&#8220;off&#8220; use_custom_gutter__hover=&#8220;off&#8220; use_custom_gutter__hover_enabled=&#8220;off&#8220; border_radii__hover=&#8220;on||||&#8220; border_radii__hover_enabled=&#8220;on||||&#8220; box_shadow_style__hover=&#8220;none&#8220; box_shadow_style__hover_enabled=&#8220;none&#8220; box_shadow_color__hover=&#8220;rgba(0,0,0,0.3)&#8220; box_shadow_color__hover_enabled=&#8220;rgba(0,0,0,0.3)&#8220; max_width__hover=&#8220;100%&#8220; max_width__hover_enabled=&#8220;100%&#8220; filter_hue_rotate__hover=&#8220;0deg&#8220; filter_hue_rotate__hover_enabled=&#8220;0deg&#8220; filter_saturate__hover=&#8220;100%&#8220; filter_saturate__hover_enabled=&#8220;100%&#8220; filter_brightness__hover=&#8220;100%&#8220; filter_brightness__hover_enabled=&#8220;100%&#8220; filter_contrast__hover=&#8220;100%&#8220; filter_contrast__hover_enabled=&#8220;100%&#8220; filter_invert__hover=&#8220;0%&#8220; filter_invert__hover_enabled=&#8220;0%&#8220; filter_sepia__hover=&#8220;0%&#8220; filter_sepia__hover_enabled=&#8220;0%&#8220; filter_opacity__hover=&#8220;100%&#8220; filter_opacity__hover_enabled=&#8220;100%&#8220; filter_blur__hover=&#8220;0px&#8220; filter_blur__hover_enabled=&#8220;0px&#8220; mix_blend_mode__hover=&#8220;normal&#8220; mix_blend_mode__hover_enabled=&#8220;normal&#8220; animation_style__hover=&#8220;none&#8220; animation_style__hover_enabled=&#8220;none&#8220; animation_repeat__hover=&#8220;once&#8220; animation_repeat__hover_enabled=&#8220;once&#8220; animation_direction__hover=&#8220;center&#8220; animation_direction__hover_enabled=&#8220;center&#8220; animation_duration__hover=&#8220;1000ms&#8220; animation_duration__hover_enabled=&#8220;1000ms&#8220; animation_delay__hover=&#8220;0ms&#8220; animation_delay__hover_enabled=&#8220;0ms&#8220; animation_intensity_slide__hover=&#8220;50%&#8220; animation_intensity_slide__hover_enabled=&#8220;50%&#8220; animation_intensity_zoom__hover=&#8220;50%&#8220; animation_intensity_zoom__hover_enabled=&#8220;50%&#8220; animation_intensity_flip__hover=&#8220;50%&#8220; animation_intensity_flip__hover_enabled=&#8220;50%&#8220; animation_intensity_fold__hover=&#8220;50%&#8220; animation_intensity_fold__hover_enabled=&#8220;50%&#8220; animation_intensity_roll__hover=&#8220;50%&#8220; animation_intensity_roll__hover_enabled=&#8220;50%&#8220; animation_starting_opacity__hover=&#8220;0%&#8220; animation_starting_opacity__hover_enabled=&#8220;0%&#8220; animation_speed_curve__hover=&#8220;ease-in-out&#8220; animation_speed_curve__hover_enabled=&#8220;ease-in-out&#8220; hover_transition_duration__hover=&#8220;300ms&#8220; hover_transition_duration__hover_enabled=&#8220;300ms&#8220; hover_transition_delay__hover=&#8220;0ms&#8220; hover_transition_delay__hover_enabled=&#8220;0ms&#8220; hover_transition_speed_curve__hover=&#8220;ease&#8220; hover_transition_speed_curve__hover_enabled=&#8220;ease&#8220;][\/et_pb_section][et_pb_section fb_built=&#8220;1&#8243; custom_padding_last_edited=&#8220;on|tablet&#8220; admin_label=&#8220;Contact Form&#8220; _builder_version=&#8220;3.22&#8243; background_color=&#8220;rgba(19,23,54,0)&#8220; background_image=&#8220;http:\/\/oldencamping.com\/wp-content\/uploads\/2019\/04\/golf_course_43-trans.png&#8220; background_position=&#8220;bottom_center&#8220; min_height=&#8220;654px&#8220; custom_padding=&#8220;||||false|false&#8220; custom_padding_tablet=&#8220;||40px&#8220; locked=&#8220;off&#8220;][et_pb_row custom_padding=&#8220;32px|37px|32px|37px|true|true&#8220; custom_padding_tablet=&#8220;60px|60px|60px|60px|true|true&#8220; custom_padding_phone=&#8220;|30px||30px||true&#8220; custom_margin=&#8220;-350px|auto||auto||&#8220; make_equal=&#8220;on&#8220; custom_padding_last_edited=&#8220;on|phone&#8220; background_color_2=&#8220;#efefef&#8220; padding_top_2=&#8220;20px&#8220; padding_right_2=&#8220;20px&#8220; padding_bottom_2=&#8220;20px&#8220; padding_left_2=&#8220;20px&#8220; _builder_version=&#8220;3.22&#8243; background_color=&#8220;#fcfcfc&#8220; border_radii=&#8220;|5px|5px|5px|5px&#8220; box_shadow_style=&#8220;preset1&#8243; box_shadow_vertical=&#8220;-22px&#8220; box_shadow_spread=&#8220;1px&#8220; box_shadow_color=&#8220;rgba(0,0,0,0.25)&#8220; max_width=&#8220;963px&#8220; min_height=&#8220;720px&#8220; custom_css_main_element=&#8220;z-index:1000;&#8220; use_custom_width=&#8220;on&#8220; custom_width_px=&#8220;800px&#8220;][et_pb_column type=&#8220;4_4&#8243; _builder_version=&#8220;3.19.3&#8243;][et_pb_text _builder_version=&#8220;3.22.1&#8243; text_font=&#8220;||||||||&#8220; header_font=&#8220;||||||||&#8220; header_2_font=&#8220;Oswald|500||on|on|||#81c100|&#8220; header_2_font_size=&#8220;48px&#8220; header_2_font_size_tablet=&#8220;32px&#8220; header_2_font_size_phone=&#8220;24px&#8220; header_2_font_size_last_edited=&#8220;on|tablet&#8220; header_2_line_height=&#8220;1.6em&#8220; background_color=&#8220;#efefef&#8220; text_orientation=&#8220;center&#8220; width=&#8220;100%&#8220; max_width=&#8220;700px&#8220; module_alignment=&#8220;center&#8220; custom_padding=&#8220;20px||10px|||&#8220;]<\/p>\n<h1>Aktivit\u00e4ten<\/h1>\n<p>[\/et_pb_text][et_pb_text admin_label=&#8220;Text&#8220; _builder_version=&#8220;3.22.1&#8243; background_size=&#8220;initial&#8220; background_position=&#8220;top_left&#8220; background_repeat=&#8220;repeat&#8220;]<\/p>\n<div>\n<p><b>Aktivit\u00e4ten auf dem Platz:<\/b><br \/> Spielplatz<br \/> Angeln<br \/> Bootsverleih<br \/> Baden<br \/> Grillplatz<\/p>\n<p><b>Aktivit\u00e4ten in der Umgebung:<\/b><\/p>\n<p>Touren in Berg, Wald und Feld (gekennzeichnete Wanderwege)<br \/> Bef\u00f6rderung mit dem Auto \u201eTrollbil\u201c zum Gletscherausl\u00e4ufer Briksdalsbreen<br \/> gef\u00fchrte Gletscherwanderung \/ Klettern<br \/> Rafting am Briksdalsbreen<br \/> Seerafting \/ Segelboot-Touren<br \/> Tagestouren mit dem Auto<br \/> Tagestouren mit dem Fahrrad<\/p>\n<p><b>Abstand von Olden Camping Gytri mit dem Auto:<\/b><\/p>\n<\/div>\n<div><\/div>\n<p>Olden\u00a0\u00a0\u00a0\u00a0\u00a0\u00a0\u00a0\u00a0 15 min<br \/> Stryn\u00a0\u00a0\u00a0\u00a0\u00a0\u00a0\u00a0\u00a0 30 min<br \/> Geiranger\u00a0\u00a0\u00a0 90 min<br \/> Trollstigen 150 min<br \/> Sommerski\u00a0 60 min<\/p>\n<p>[\/et_pb_text][\/et_pb_column][\/et_pb_row][\/et_pb_section]<\/p>\n","protected":false},"excerpt":{"rendered":"<p>Aktivit\u00e4ten Aktivit\u00e4ten auf dem Platz: Spielplatz Angeln Bootsverleih Baden Grillplatz Aktivit\u00e4ten in der Umgebung: Touren in Berg, Wald und Feld (gekennzeichnete Wanderwege) Bef\u00f6rderung mit dem Auto \u201eTrollbil\u201c zum Gletscherausl\u00e4ufer Briksdalsbreen gef\u00fchrte Gletscherwanderung \/ Klettern Rafting am Briksdalsbreen Seerafting \/ Segelboot-Touren Tagestouren mit dem Auto Tagestouren mit dem Fahrrad Abstand von Olden Camping Gytri mit dem [&hellip;]<\/p>\n","protected":false},"author":1,"featured_media":0,"parent":0,"menu_order":0,"comment_status":"closed","ping_status":"open","template":"","meta":{"_et_pb_use_builder":"on","_et_pb_old_content":"<!--:NO--><div>\r\n\r\n<b>Aktiviteter p\u00e5 plassen:<\/b>\r\n\r\n<\/div>\r\n<div><\/div>\r\n<div>\r\n<ul>\r\n\t<li>Lekeplass<\/li>\r\n\t<li>Fisking<\/li>\r\n\t<li>B\u00e5tutleige<\/li>\r\n\t<li>Bading<\/li>\r\n\t<li>Grillplass<\/li>\r\n<\/ul>\r\n<\/div>\r\n<div><\/div>\r\n<div>\r\n\r\n<b>\u00a0Aktiviteter i omr\u00e5det:<\/b>\r\n<ul>\r\n\t<li>Tur i skog og mark ( merkede l\u00f8yper )<\/li>\r\n\t<li>\u00abTrollbil\u00bb skyss til Briksdalsbreen<\/li>\r\n\t<li>Brevandring \/ klatring med guider<\/li>\r\n\t<li>Rafting ved Briksdalsbreen<\/li>\r\n\t<li>Sj\u00f8rafting \/ seglb\u00e5tturer<\/li>\r\n\t<li>Dagsturer med bil<\/li>\r\n\t<li>Dagsturer med sykkel<\/li>\r\n<\/ul>\r\n<\/div>\r\n<div>\r\n<div>\r\n\r\n<b>Avstand fra Olden Camping, Gytri med bil:<\/b>\r\n\r\n<\/div>\r\n<div><\/div>\r\n<\/div>\r\n<table border=\"0\">\r\n<tbody>\r\n<tr>\r\n<td width=\"78\">Olden<\/td>\r\n<td align=\"right\" width=\"25\">15<\/td>\r\n<td>min<\/td>\r\n<\/tr>\r\n<tr>\r\n<td width=\"78\">Stryn<\/td>\r\n<td align=\"right\" width=\"25\">30<\/td>\r\n<td>min<\/td>\r\n<\/tr>\r\n<tr>\r\n<td width=\"78\">Geiranger<\/td>\r\n<td align=\"right\" width=\"25\">90<\/td>\r\n<td>min<\/td>\r\n<\/tr>\r\n<tr>\r\n<td width=\"78\">Trollstigen<\/td>\r\n<td align=\"right\" width=\"25\">150<\/td>\r\n<td>min<\/td>\r\n<\/tr>\r\n<tr>\r\n<td width=\"78\">Sommerski<\/td>\r\n<td align=\"right\" width=\"25\">60<\/td>\r\n<td>min<\/td>\r\n<\/tr>\r\n<tr>\r\n<td width=\"78\">Kysten<\/td>\r\n<td align=\"right\" width=\"25\">150<\/td>\r\n<td>min<\/td>\r\n<\/tr>\r\n<\/tbody>\r\n<\/table>\r\n<!--:-->\r\n\r\n<!--:en--><div>\r\n\r\nActivities on the place:\r\n- Playground\r\n- Fishing\r\n- Boat rental\r\n- Bathing\r\n- Barbecue\r\n\r\nActivities in the surroundings:\r\n- Hiking on marked paths\r\n- Each day a special car drives you from Briksdal cafeteria to the foot of the glacier.\r\n- Glacier walking and hiking with guides\r\n- Rafting by the Briksdalglacier.\r\n- Daytrips by car and bike to the valley of Loen, the sea, the summer ski centre, Geiranger, \u00c5lesund and much more\r\n\r\n<\/div>\r\n<div>\r\n<div>Distances from Olden Camping, Gytri with car:<\/div>\r\n<\/div>\r\nOlden \u00a0 \u00a0 \u00a0 \u00a0 \u00a0 \u00a0 15min.\r\nStryn \u00a0 \u00a0 \u00a0 \u00a0 \u00a0 \u00a0 \u00a030min.\r\nGeiranger \u00a0 \u00a0 90min.\r\nTrollstigen \u00a0 150min.\r\nSommerski \u00a0 60min.\r\nKysten \u00a0 \u00a0 \u00a0 \u00a0 \u00a0 \u00a0150min.\r\n\r\n\u00a0<!--:--><!--:de--><div>\r\n\r\n<b>Aktivit\u00e4ten auf dem Platz:<\/b>\r\nSpielplatz\r\nAngeln\r\nBootsverleih\r\nBaden\r\nGrillplatz\r\n\r\n<b>Aktivit\u00e4ten in der Umgebung:<\/b>\r\n\r\nTouren in Berg, Wald und Feld (gekennzeichnete Wanderwege)\r\nBef\u00f6rderung mit dem Auto \u201eTrollbil\u201c zum Gletscherausl\u00e4ufer Briksdalsbreen\r\ngef\u00fchrte Gletscherwanderung \/ Klettern\r\nRafting am Briksdalsbreen\r\nSeerafting \/ Segelboot-Touren\r\nTagestouren mit dem Auto\r\nTagestouren mit dem Fahrrad\r\n\r\n<b>Abstand von Olden Camping Gytri mit dem Auto:<\/b>\r\n\r\n<\/div>\r\n<div><\/div>\r\nOlden\u00a0\u00a0\u00a0\u00a0\u00a0\u00a0\u00a0\u00a0 15 min\r\nStryn\u00a0\u00a0\u00a0\u00a0\u00a0\u00a0\u00a0\u00a0 30 min\r\nGeiranger\u00a0\u00a0\u00a0 90 min\r\nTrollstigen 150 min\r\nSommerski\u00a0 60 min\r\n\r\n\u00a0<!--:-->\r\n\r\n<!--:nl--><div>\r\n\r\n<b>Activiteiten ter plaatse:<\/b>\r\n\r\n<\/div>\r\n<div><\/div>\r\n<div>\r\n<ul>\r\n\t<li>Speelplaats<\/li>\r\n\t<li>Visvangst<\/li>\r\n\t<li>Bootverhuur<\/li>\r\n\t<li>Het baden<\/li>\r\n\t<li>Barbecue<\/li>\r\n<\/ul>\r\n<\/div>\r\n<div><\/div>\r\n<div>\r\n\r\n<b>\u00a0Aktiviteter i omr\u00e5det:<\/b>\r\n<ul>\r\n\t<li>Wandelen<\/li>\r\n\t<li>\u00abTROLL CAR\u00bb naar de Briksdal gletsjer<\/li>\r\n\t<li>Gletsjer wandelen \/ Klimmen met gidsen<\/li>\r\n\t<li>Raften op Briksdal gletsjer<\/li>\r\n\t<li>Searafting \/ zeilboot ritten<\/li>\r\n\t<li>Dagtochten met de auto<\/li>\r\n\t<li>Dagtochten met de fiets<\/li>\r\n<\/ul>\r\n<\/div>\r\n<div>\r\n<div>\r\n\r\n<b>Afstand van Olden Camping, Gytri met de auto:<\/b>\r\n\r\n<\/div>\r\n<div><\/div>\r\n<\/div>\r\n<table border=\"0\">\r\n<tbody>\r\n<tr>\r\n<td width=\"78\">Olden<\/td>\r\n<td align=\"right\" width=\"25\">15<\/td>\r\n<td>min<\/td>\r\n<\/tr>\r\n<tr>\r\n<td width=\"78\">Stryn<\/td>\r\n<td align=\"right\" width=\"25\">30<\/td>\r\n<td>min<\/td>\r\n<\/tr>\r\n<tr>\r\n<td width=\"78\">Geiranger<\/td>\r\n<td align=\"right\" width=\"25\">90<\/td>\r\n<td>min<\/td>\r\n<\/tr>\r\n<tr>\r\n<td width=\"78\">Trollstigen<\/td>\r\n<td align=\"right\" width=\"25\">150<\/td>\r\n<td>min<\/td>\r\n<\/tr>\r\n<tr>\r\n<td width=\"78\">Sommerski<\/td>\r\n<td align=\"right\" width=\"25\">60<\/td>\r\n<td>min<\/td>\r\n<\/tr>\r\n<tr>\r\n<td width=\"78\">Kysten<\/td>\r\n<td align=\"right\" width=\"25\">150<\/td>\r\n<td>min<\/td>\r\n<\/tr>\r\n<\/tbody>\r\n<\/table>\r\n<!--:-->","_et_gb_content_width":"","footnotes":""},"class_list":["post-1419","page","type-page","status-publish","hentry"],"_links":{"self":[{"href":"https:\/\/oldencamping.com\/de\/wp-json\/wp\/v2\/pages\/1419","targetHints":{"allow":["GET"]}}],"collection":[{"href":"https:\/\/oldencamping.com\/de\/wp-json\/wp\/v2\/pages"}],"about":[{"href":"https:\/\/oldencamping.com\/de\/wp-json\/wp\/v2\/types\/page"}],"author":[{"embeddable":true,"href":"https:\/\/oldencamping.com\/de\/wp-json\/wp\/v2\/users\/1"}],"replies":[{"embeddable":true,"href":"https:\/\/oldencamping.com\/de\/wp-json\/wp\/v2\/comments?post=1419"}],"version-history":[{"count":3,"href":"https:\/\/oldencamping.com\/de\/wp-json\/wp\/v2\/pages\/1419\/revisions"}],"predecessor-version":[{"id":1433,"href":"https:\/\/oldencamping.com\/de\/wp-json\/wp\/v2\/pages\/1419\/revisions\/1433"}],"wp:attachment":[{"href":"https:\/\/oldencamping.com\/de\/wp-json\/wp\/v2\/media?parent=1419"}],"curies":[{"name":"wp","href":"https:\/\/api.w.org\/{rel}","templated":true}]}}