{"id":879,"date":"2014-04-07T18:38:48","date_gmt":"2014-04-07T16:38:48","guid":{"rendered":"http:\/\/oldencamping.com?page_id=879"},"modified":"2023-03-26T13:08:27","modified_gmt":"2023-03-26T11:08:27","slug":"testside","status":"publish","type":"page","link":"https:\/\/oldencamping.com\/de\/","title":{"rendered":"Zuhause"},"content":{"rendered":"<p>[et_pb_section fb_built=&#8220;1&#8243; admin_label=&#8220;Header&#8220; _builder_version=&#8220;4.16&#8243; background_image=&#8220;http:\/\/oldencamping.com\/wp-content\/uploads\/2019\/04\/18953613_1347333108677524_1038951409377703421_o-lav.jpg&#8220; min_height=&#8220;825px&#8220; custom_margin=&#8220;|||||&#8220; custom_padding=&#8220;18vw||18vw||true|false&#8220; custom_width_px__hover=&#8220;1080px&#8220; custom_width_px__hover_enabled=&#8220;1080px&#8220; custom_width_percent__hover=&#8220;80%&#8220; custom_width_percent__hover_enabled=&#8220;80%&#8220; locked=&#8220;off&#8220; global_colors_info=&#8220;{}&#8220; background_color_gradient_start__hover=&#8220;#2b87da&#8220; background_color_gradient_start__hover_enabled=&#8220;#2b87da&#8220; background_color_gradient_end__hover=&#8220;#29c4a9&#8243; background_color_gradient_end__hover_enabled=&#8220;#29c4a9&#8243; use_background_color_gradient__hover=&#8220;off&#8220; use_background_color_gradient__hover_enabled=&#8220;off&#8220; background_color_gradient_type__hover=&#8220;linear&#8220; background_color_gradient_type__hover_enabled=&#8220;linear&#8220; background_color_gradient_direction__hover=&#8220;180deg&#8220; background_color_gradient_direction__hover_enabled=&#8220;180deg&#8220; background_color_gradient_direction_radial__hover=&#8220;center&#8220; background_color_gradient_direction_radial__hover_enabled=&#8220;center&#8220; background_color_gradient_start_position__hover=&#8220;0%&#8220; background_color_gradient_start_position__hover_enabled=&#8220;0%&#8220; background_color_gradient_end_position__hover=&#8220;100%&#8220; background_color_gradient_end_position__hover_enabled=&#8220;100%&#8220; background_color_gradient_overlays_image__hover=&#8220;off&#8220; background_color_gradient_overlays_image__hover_enabled=&#8220;off&#8220; gutter_width__hover=&#8220;3&#8243; gutter_width__hover_enabled=&#8220;3&#8243; parallax_1__hover=&#8220;off&#8220; parallax_1__hover_enabled=&#8220;off&#8220; parallax_2__hover=&#8220;off&#8220; parallax_2__hover_enabled=&#8220;off&#8220; parallax_3__hover=&#8220;off&#8220; parallax_3__hover_enabled=&#8220;off&#8220; parallax_method_1__hover=&#8220;on&#8220; parallax_method_1__hover_enabled=&#8220;on&#8220; parallax_method_2__hover=&#8220;on&#8220; parallax_method_2__hover_enabled=&#8220;on&#8220; parallax_method_3__hover=&#8220;on&#8220; parallax_method_3__hover_enabled=&#8220;on&#8220; background_position__hover=&#8220;center&#8220; background_position__hover_enabled=&#8220;center&#8220; parallax__hover=&#8220;off&#8220; parallax__hover_enabled=&#8220;off&#8220; parallax_method__hover=&#8220;on&#8220; parallax_method__hover_enabled=&#8220;on&#8220; background_size__hover=&#8220;cover&#8220; background_size__hover_enabled=&#8220;cover&#8220; background_repeat__hover=&#8220;no-repeat&#8220; background_repeat__hover_enabled=&#8220;no-repeat&#8220; background_blend__hover=&#8220;normal&#8220; background_blend__hover_enabled=&#8220;normal&#8220; allow_player_pause__hover=&#8220;off&#8220; allow_player_pause__hover_enabled=&#8220;off&#8220; background_video_pause_outside_viewport__hover=&#8220;on&#8220; background_video_pause_outside_viewport__hover_enabled=&#8220;on&#8220; inner_shadow__hover=&#8220;off&#8220; inner_shadow__hover_enabled=&#8220;off&#8220; make_fullwidth__hover=&#8220;off&#8220; make_fullwidth__hover_enabled=&#8220;off&#8220; use_custom_width__hover=&#8220;off&#8220; use_custom_width__hover_enabled=&#8220;off&#8220; width_unit__hover=&#8220;on&#8220; width_unit__hover_enabled=&#8220;on&#8220; make_equal__hover=&#8220;off&#8220; make_equal__hover_enabled=&#8220;off&#8220; use_custom_gutter__hover=&#8220;off&#8220; use_custom_gutter__hover_enabled=&#8220;off&#8220; border_radii__hover=&#8220;on||||&#8220; border_radii__hover_enabled=&#8220;on||||&#8220; box_shadow_style__hover=&#8220;none&#8220; box_shadow_style__hover_enabled=&#8220;none&#8220; box_shadow_color__hover=&#8220;rgba(0,0,0,0.3)&#8220; box_shadow_color__hover_enabled=&#8220;rgba(0,0,0,0.3)&#8220; max_width__hover=&#8220;100%&#8220; max_width__hover_enabled=&#8220;100%&#8220; filter_hue_rotate__hover=&#8220;0deg&#8220; filter_hue_rotate__hover_enabled=&#8220;0deg&#8220; filter_saturate__hover=&#8220;100%&#8220; filter_saturate__hover_enabled=&#8220;100%&#8220; filter_brightness__hover=&#8220;100%&#8220; filter_brightness__hover_enabled=&#8220;100%&#8220; filter_contrast__hover=&#8220;100%&#8220; filter_contrast__hover_enabled=&#8220;100%&#8220; filter_invert__hover=&#8220;0%&#8220; filter_invert__hover_enabled=&#8220;0%&#8220; filter_sepia__hover=&#8220;0%&#8220; filter_sepia__hover_enabled=&#8220;0%&#8220; filter_opacity__hover=&#8220;100%&#8220; filter_opacity__hover_enabled=&#8220;100%&#8220; filter_blur__hover=&#8220;0px&#8220; filter_blur__hover_enabled=&#8220;0px&#8220; mix_blend_mode__hover=&#8220;normal&#8220; mix_blend_mode__hover_enabled=&#8220;normal&#8220; animation_style__hover=&#8220;none&#8220; animation_style__hover_enabled=&#8220;none&#8220; animation_repeat__hover=&#8220;once&#8220; animation_repeat__hover_enabled=&#8220;once&#8220; animation_direction__hover=&#8220;center&#8220; animation_direction__hover_enabled=&#8220;center&#8220; animation_duration__hover=&#8220;1000ms&#8220; animation_duration__hover_enabled=&#8220;1000ms&#8220; animation_delay__hover=&#8220;0ms&#8220; animation_delay__hover_enabled=&#8220;0ms&#8220; animation_intensity_slide__hover=&#8220;50%&#8220; animation_intensity_slide__hover_enabled=&#8220;50%&#8220; animation_intensity_zoom__hover=&#8220;50%&#8220; animation_intensity_zoom__hover_enabled=&#8220;50%&#8220; animation_intensity_flip__hover=&#8220;50%&#8220; animation_intensity_flip__hover_enabled=&#8220;50%&#8220; animation_intensity_fold__hover=&#8220;50%&#8220; animation_intensity_fold__hover_enabled=&#8220;50%&#8220; animation_intensity_roll__hover=&#8220;50%&#8220; animation_intensity_roll__hover_enabled=&#8220;50%&#8220; animation_starting_opacity__hover=&#8220;0%&#8220; animation_starting_opacity__hover_enabled=&#8220;0%&#8220; animation_speed_curve__hover=&#8220;ease-in-out&#8220; animation_speed_curve__hover_enabled=&#8220;ease-in-out&#8220; hover_transition_duration__hover=&#8220;300ms&#8220; hover_transition_duration__hover_enabled=&#8220;300ms&#8220; hover_transition_delay__hover=&#8220;0ms&#8220; hover_transition_delay__hover_enabled=&#8220;0ms&#8220; hover_transition_speed_curve__hover=&#8220;ease&#8220; hover_transition_speed_curve__hover_enabled=&#8220;ease&#8220; background_color_gradient_stops__hover=&#8220;#2b87da 0%|#29c4a9 100%&#8220;][\/et_pb_section][et_pb_section fb_built=&#8220;1&#8243; custom_padding_last_edited=&#8220;on|tablet&#8220; admin_label=&#8220;Contact Form&#8220; _builder_version=&#8220;4.16&#8243; background_color=&#8220;rgba(19,23,54,0)&#8220; background_image=&#8220;http:\/\/oldencamping.com\/wp-content\/uploads\/2019\/04\/golf_course_43-trans.png&#8220; background_position=&#8220;bottom_center&#8220; min_height=&#8220;654px&#8220; custom_padding=&#8220;||||false|false&#8220; custom_padding_tablet=&#8220;||40px&#8220; custom_padding_phone=&#8220;&#8220; locked=&#8220;off&#8220; global_colors_info=&#8220;{}&#8220;][et_pb_row column_structure=&#8220;1_2,1_2&#8243; make_equal=&#8220;on&#8220; custom_padding_last_edited=&#8220;on|phone&#8220; _builder_version=&#8220;4.16&#8243; background_color=&#8220;#fcfcfc&#8220; max_width=&#8220;963px&#8220; min_height=&#8220;720px&#8220; custom_margin=&#8220;-350px|auto||auto||&#8220; custom_padding=&#8220;32px|37px|32px|37px|true|true&#8220; custom_padding_tablet=&#8220;60px|60px|60px|60px|true|true&#8220; custom_padding_phone=&#8220;|30px||30px||true&#8220; custom_css_main_element=&#8220;z-index:1000;&#8220; border_radii=&#8220;|5px|5px|5px|5px&#8220; box_shadow_style=&#8220;preset1&#8243; box_shadow_vertical=&#8220;-22px&#8220; box_shadow_spread=&#8220;1px&#8220; box_shadow_color=&#8220;rgba(0,0,0,0.25)&#8220; use_custom_width=&#8220;on&#8220; custom_width_px=&#8220;800px&#8220; global_colors_info=&#8220;{}&#8220;][et_pb_column type=&#8220;1_2&#8243; _builder_version=&#8220;4.16&#8243; custom_padding=&#8220;|||&#8220; global_colors_info=&#8220;{}&#8220; custom_padding__hover=&#8220;|||&#8220;][et_pb_text _builder_version=&#8220;4.16&#8243; text_font=&#8220;||||||||&#8220; header_font=&#8220;||||||||&#8220; header_2_font=&#8220;Oswald|500||on|on|||#81c100|&#8220; header_2_font_size=&#8220;48px&#8220; header_2_line_height=&#8220;1.6em&#8220; background_color=&#8220;#efefef&#8220; text_orientation=&#8220;center&#8220; width=&#8220;100%&#8220; max_width=&#8220;700px&#8220; module_alignment=&#8220;center&#8220; custom_padding=&#8220;20px||10px|||&#8220; header_2_font_size_tablet=&#8220;32px&#8220; header_2_font_size_phone=&#8220;24px&#8220; header_2_font_size_last_edited=&#8220;on|tablet&#8220; global_colors_info=&#8220;{}&#8220;]<\/p>\n<h1>Willkommen zu Olden Camping<\/h1>\n<p>[\/et_pb_text][et_pb_image src=&#8220;http:\/\/oldencamping.com\/wp-content\/uploads\/2023\/03\/FB_IMG_1625429350607.jpg&#8220; align_tablet=&#8220;center&#8220; align_phone=&#8220;&#8220; align_last_edited=&#8220;on|desktop&#8220; _builder_version=&#8220;4.20.2&#8243; hover_enabled=&#8220;0&#8243; global_colors_info=&#8220;{}&#8220; title_text=&#8220;FB_IMG_1625429350607&#8243; sticky_enabled=&#8220;0&#8243;][\/et_pb_image][et_pb_image src=&#8220;http:\/\/oldencamping.com\/wp-content\/uploads\/2019\/06\/Resized_20190509_200541-lite.jpg&#8220; _builder_version=&#8220;4.16&#8243; global_colors_info=&#8220;{}&#8220;][\/et_pb_image][\/et_pb_column][et_pb_column type=&#8220;1_2&#8243; _builder_version=&#8220;4.16&#8243; background_color=&#8220;#efefef&#8220; custom_padding=&#8220;20px|20px|20px|20px&#8220; global_colors_info=&#8220;{}&#8220; custom_padding__hover=&#8220;|||&#8220;][et_pb_text _builder_version=&#8220;4.16&#8243; text_font=&#8220;||||||||&#8220; header_font=&#8220;||||||||&#8220; header_2_font=&#8220;Oswald|500||on|on|||#81c100|&#8220; header_2_font_size=&#8220;48px&#8220; header_2_line_height=&#8220;1.6em&#8220; max_width=&#8220;900px&#8220; module_alignment=&#8220;center&#8220; header_2_font_size_tablet=&#8220;32px&#8220; header_2_font_size_phone=&#8220;24px&#8220; header_2_font_size_last_edited=&#8220;on|tablet&#8220; global_colors_info=&#8220;{}&#8220;]<\/p>\n<p>Der Campingplatz \u201eOlden Camping \u201c liegt am See Oldevatnet, der sich in einem der sch\u00f6nsten T\u00e4ler des Nordfjords befindet \u2013 dem Oldedalen.<\/p>\n<p>Dies ist gepr\u00e4gt von hohen Bergen und Wasserf\u00e4llen, Seen und Gletscherausl\u00e4ufern.<\/p>\n<p>Sie finden uns 13,5 km von Olden-Zentrum entfernt an der Stra\u00dfe Fv 5726 Olden in Richtung des Gletscherausl\u00e4ufers Briksdalsbreen.\u00a0 New Adress: Oldedalsvegen 1296, 6788 Olden.<\/p>\n<p>Olden Camping ist ein guter Ausgangspunkt f\u00fcr Touren in Berg, Wald und Feld, gef\u00fchrte Gletschertouren oder Tagestouren mit dem Auto.<\/p>\n<p>Wir legen gro\u00dfen Wert auf guten Service und Sauberkeit und hei\u00dfen Sie herzlich willkommen!<\/p>\n<p>GPS: N = 61`43`20,04\u2033 E = 6`47`39,14\u2033<\/p>\n<p>[\/et_pb_text][et_pb_image src=&#8220;http:\/\/oldencamping.com\/wp-content\/uploads\/2019\/06\/Skjermdump_060319_013745_PM.jpg&#8220; _builder_version=&#8220;4.16&#8243; global_colors_info=&#8220;{}&#8220;][\/et_pb_image][et_pb_image src=&#8220;http:\/\/oldencamping.com\/wp-content\/uploads\/2019\/06\/nordfjord_logo_hovedtagline_pos_RGB.png&#8220; title_text=&#8220;nordfjord_logo_hovedtagline_pos_RGB&#8220; align=&#8220;center&#8220; _builder_version=&#8220;4.16&#8243; width=&#8220;200px&#8220; global_colors_info=&#8220;{}&#8220;][\/et_pb_image][\/et_pb_column][\/et_pb_row][\/et_pb_section][et_pb_section fb_built=&#8220;1&#8243; disabled_on=&#8220;off|off|off&#8220; admin_label=&#8220;Services&#8220; _builder_version=&#8220;4.16&#8243; custom_padding=&#8220;3px||27px|||&#8220; custom_width_px__hover=&#8220;1080px&#8220; custom_width_px__hover_enabled=&#8220;1080px&#8220; custom_width_percent__hover=&#8220;80%&#8220; custom_width_percent__hover_enabled=&#8220;80%&#8220; global_module=&#8220;1717&#8243; saved_tabs=&#8220;all&#8220; global_colors_info=&#8220;{}&#8220; gutter_width__hover=&#8220;3&#8243; gutter_width__hover_enabled=&#8220;3&#8243; parallax_1__hover=&#8220;off&#8220; parallax_1__hover_enabled=&#8220;off&#8220; parallax_2__hover=&#8220;off&#8220; parallax_2__hover_enabled=&#8220;off&#8220; parallax_3__hover=&#8220;off&#8220; parallax_3__hover_enabled=&#8220;off&#8220; parallax_method_1__hover=&#8220;on&#8220; parallax_method_1__hover_enabled=&#8220;on&#8220; parallax_method_2__hover=&#8220;on&#8220; parallax_method_2__hover_enabled=&#8220;on&#8220; parallax_method_3__hover=&#8220;on&#8220; parallax_method_3__hover_enabled=&#8220;on&#8220; use_background_color_gradient__hover=&#8220;off&#8220; use_background_color_gradient__hover_enabled=&#8220;off&#8220; background_color_gradient_start__hover=&#8220;#2b87da&#8220; background_color_gradient_start__hover_enabled=&#8220;#2b87da&#8220; background_color_gradient_end__hover=&#8220;#29c4a9&#8243; background_color_gradient_end__hover_enabled=&#8220;#29c4a9&#8243; background_color_gradient_type__hover=&#8220;linear&#8220; background_color_gradient_type__hover_enabled=&#8220;linear&#8220; background_color_gradient_direction__hover=&#8220;180deg&#8220; background_color_gradient_direction__hover_enabled=&#8220;180deg&#8220; background_color_gradient_direction_radial__hover=&#8220;center&#8220; background_color_gradient_direction_radial__hover_enabled=&#8220;center&#8220; background_color_gradient_start_position__hover=&#8220;0%&#8220; background_color_gradient_start_position__hover_enabled=&#8220;0%&#8220; background_color_gradient_end_position__hover=&#8220;100%&#8220; background_color_gradient_end_position__hover_enabled=&#8220;100%&#8220; background_color_gradient_overlays_image__hover=&#8220;off&#8220; background_color_gradient_overlays_image__hover_enabled=&#8220;off&#8220; parallax__hover=&#8220;off&#8220; parallax__hover_enabled=&#8220;off&#8220; parallax_method__hover=&#8220;on&#8220; parallax_method__hover_enabled=&#8220;on&#8220; background_size__hover=&#8220;cover&#8220; background_size__hover_enabled=&#8220;cover&#8220; background_position__hover=&#8220;center&#8220; background_position__hover_enabled=&#8220;center&#8220; background_repeat__hover=&#8220;no-repeat&#8220; background_repeat__hover_enabled=&#8220;no-repeat&#8220; background_blend__hover=&#8220;normal&#8220; background_blend__hover_enabled=&#8220;normal&#8220; allow_player_pause__hover=&#8220;off&#8220; allow_player_pause__hover_enabled=&#8220;off&#8220; background_video_pause_outside_viewport__hover=&#8220;on&#8220; background_video_pause_outside_viewport__hover_enabled=&#8220;on&#8220; inner_shadow__hover=&#8220;off&#8220; inner_shadow__hover_enabled=&#8220;off&#8220; make_fullwidth__hover=&#8220;off&#8220; make_fullwidth__hover_enabled=&#8220;off&#8220; use_custom_width__hover=&#8220;off&#8220; use_custom_width__hover_enabled=&#8220;off&#8220; width_unit__hover=&#8220;on&#8220; width_unit__hover_enabled=&#8220;on&#8220; make_equal__hover=&#8220;off&#8220; make_equal__hover_enabled=&#8220;off&#8220; use_custom_gutter__hover=&#8220;off&#8220; use_custom_gutter__hover_enabled=&#8220;off&#8220; border_radii__hover=&#8220;on||||&#8220; border_radii__hover_enabled=&#8220;on||||&#8220; box_shadow_style__hover=&#8220;none&#8220; box_shadow_style__hover_enabled=&#8220;none&#8220; box_shadow_color__hover=&#8220;rgba(0,0,0,0.3)&#8220; box_shadow_color__hover_enabled=&#8220;rgba(0,0,0,0.3)&#8220; max_width__hover=&#8220;100%&#8220; max_width__hover_enabled=&#8220;100%&#8220; filter_hue_rotate__hover=&#8220;0deg&#8220; filter_hue_rotate__hover_enabled=&#8220;0deg&#8220; filter_saturate__hover=&#8220;100%&#8220; filter_saturate__hover_enabled=&#8220;100%&#8220; filter_brightness__hover=&#8220;100%&#8220; filter_brightness__hover_enabled=&#8220;100%&#8220; filter_contrast__hover=&#8220;100%&#8220; filter_contrast__hover_enabled=&#8220;100%&#8220; filter_invert__hover=&#8220;0%&#8220; filter_invert__hover_enabled=&#8220;0%&#8220; filter_sepia__hover=&#8220;0%&#8220; filter_sepia__hover_enabled=&#8220;0%&#8220; filter_opacity__hover=&#8220;100%&#8220; filter_opacity__hover_enabled=&#8220;100%&#8220; filter_blur__hover=&#8220;0px&#8220; filter_blur__hover_enabled=&#8220;0px&#8220; mix_blend_mode__hover=&#8220;normal&#8220; mix_blend_mode__hover_enabled=&#8220;normal&#8220; animation_style__hover=&#8220;none&#8220; animation_style__hover_enabled=&#8220;none&#8220; animation_repeat__hover=&#8220;once&#8220; animation_repeat__hover_enabled=&#8220;once&#8220; animation_direction__hover=&#8220;center&#8220; animation_direction__hover_enabled=&#8220;center&#8220; animation_duration__hover=&#8220;1000ms&#8220; animation_duration__hover_enabled=&#8220;1000ms&#8220; animation_delay__hover=&#8220;0ms&#8220; animation_delay__hover_enabled=&#8220;0ms&#8220; animation_intensity_slide__hover=&#8220;50%&#8220; animation_intensity_slide__hover_enabled=&#8220;50%&#8220; animation_intensity_zoom__hover=&#8220;50%&#8220; animation_intensity_zoom__hover_enabled=&#8220;50%&#8220; animation_intensity_flip__hover=&#8220;50%&#8220; animation_intensity_flip__hover_enabled=&#8220;50%&#8220; animation_intensity_fold__hover=&#8220;50%&#8220; animation_intensity_fold__hover_enabled=&#8220;50%&#8220; animation_intensity_roll__hover=&#8220;50%&#8220; animation_intensity_roll__hover_enabled=&#8220;50%&#8220; animation_starting_opacity__hover=&#8220;0%&#8220; animation_starting_opacity__hover_enabled=&#8220;0%&#8220; animation_speed_curve__hover=&#8220;ease-in-out&#8220; animation_speed_curve__hover_enabled=&#8220;ease-in-out&#8220; hover_transition_duration__hover=&#8220;300ms&#8220; hover_transition_duration__hover_enabled=&#8220;300ms&#8220; hover_transition_delay__hover=&#8220;0ms&#8220; hover_transition_delay__hover_enabled=&#8220;0ms&#8220; hover_transition_speed_curve__hover=&#8220;ease&#8220; hover_transition_speed_curve__hover_enabled=&#8220;ease&#8220; background_color_gradient_stops__hover=&#8220;#2b87da 0%|#29c4a9 100%&#8220;][et_pb_row make_equal=&#8220;on&#8220; padding_top_bottom_link_1=&#8220;true&#8220; padding_top_bottom_link_2=&#8220;true&#8220; padding_top_bottom_link_3=&#8220;true&#8220; padding_top_bottom_link_4=&#8220;true&#8220; padding_left_right_link_1=&#8220;true&#8220; padding_left_right_link_2=&#8220;true&#8220; padding_left_right_link_3=&#8220;true&#8220; padding_left_right_link_4=&#8220;true&#8220; _builder_version=&#8220;4.16&#8243; custom_padding=&#8220;||0px|||&#8220; locked=&#8220;off&#8220; global_colors_info=&#8220;{}&#8220; column_structure=&#8220;1_5,1_5,1_5,1_5,1_5&#8243;][et_pb_column type=&#8220;1_5&#8243; _builder_version=&#8220;4.16&#8243; background_color_gradient_start=&#8220;rgba(255,255,255,0)&#8220; background_color_gradient_end=&#8220;#ffffff&#8220; background_color_gradient_end_position=&#8220;80%&#8220; background_size=&#8220;contain&#8220; background_position=&#8220;top_center&#8220; custom_padding=&#8220;80px|20px|80px|20px&#8220; global_colors_info=&#8220;{}&#8220; custom_padding__hover=&#8220;|||&#8220;][et_pb_image src=&#8220;http:\/\/oldencamping.com\/wp-content\/uploads\/2019\/06\/a-liner-instagram-new-design-round-social-media-12269.png&#8220; url=&#8220;https:\/\/www.instagram.com\/oldencampinggytri\/&#8220; _builder_version=&#8220;4.16&#8243; global_colors_info=&#8220;{}&#8220;][\/et_pb_image][\/et_pb_column][et_pb_column type=&#8220;1_5&#8243; _builder_version=&#8220;4.16&#8243; background_color_gradient_start=&#8220;rgba(255,255,255,0)&#8220; background_color_gradient_end=&#8220;#ffffff&#8220; background_color_gradient_end_position=&#8220;80%&#8220; background_size=&#8220;contain&#8220; background_position=&#8220;top_center&#8220; custom_padding=&#8220;80px|20px|80px|20px&#8220; global_colors_info=&#8220;{}&#8220; custom_padding__hover=&#8220;|||&#8220;][et_pb_image src=&#8220;http:\/\/oldencamping.com\/wp-content\/uploads\/2019\/06\/a-facebook-round-icon-256.png&#8220; url=&#8220;https:\/\/nb-no.facebook.com\/OldenCampingGytri\/&#8220; _builder_version=&#8220;4.16&#8243; global_colors_info=&#8220;{}&#8220;][\/et_pb_image][\/et_pb_column][et_pb_column type=&#8220;1_5&#8243; _builder_version=&#8220;4.16&#8243; background_color_gradient_start=&#8220;rgba(255,255,255,0)&#8220; background_color_gradient_end=&#8220;#ffffff&#8220; background_color_gradient_end_position=&#8220;80%&#8220; background_size=&#8220;contain&#8220; background_position=&#8220;top_center&#8220; custom_padding=&#8220;80px|20px|80px|20px&#8220; global_colors_info=&#8220;{}&#8220; custom_padding__hover=&#8220;|||&#8220;][et_pb_image src=&#8220;http:\/\/oldencamping.com\/wp-content\/uploads\/2019\/06\/a-849461_social_512x512.png&#8220; url=&#8220;https:\/\/no.tripadvisor.com\/Hotel_Review-g2148176-d7099549-Reviews-Olden_Camping_Gytri-Olden_Stryn_Municipality_Sogn_og_Fjordane_Western_Norway.html&#8220; _builder_version=&#8220;4.16&#8243; global_colors_info=&#8220;{}&#8220;][\/et_pb_image][\/et_pb_column][et_pb_column type=&#8220;1_5&#8243; _builder_version=&#8220;4.16&#8243; background_color_gradient_start=&#8220;rgba(255,255,255,0)&#8220; background_color_gradient_end=&#8220;#ffffff&#8220; background_color_gradient_end_position=&#8220;80%&#8220; background_size=&#8220;contain&#8220; background_position=&#8220;top_center&#8220; custom_padding=&#8220;60px|20px|60px|20px&#8220; global_colors_info=&#8220;{}&#8220; custom_padding__hover=&#8220;|||&#8220;][et_pb_image src=&#8220;http:\/\/oldencamping.com\/wp-content\/uploads\/2019\/06\/nordfjord_logo_hovedtagline_pos_RGB.png&#8220; url=&#8220;https:\/\/www.nordfjord.no\/overnatting\/olden-camping-gytri-p829043&#8243; _builder_version=&#8220;4.16&#8243; custom_margin=&#8220;50px||&#8220; global_colors_info=&#8220;{}&#8220;][\/et_pb_image][\/et_pb_column][et_pb_column type=&#8220;1_5&#8243; _builder_version=&#8220;4.16&#8243; custom_padding=&#8220;|||&#8220; global_colors_info=&#8220;{}&#8220; custom_padding__hover=&#8220;|||&#8220;][et_pb_image src=&#8220;http:\/\/oldencamping.com\/wp-content\/uploads\/2019\/06\/ACSI.png&#8220; url=&#8220;https:\/\/no.eurocampings.net\/norge\/sogn-og-fjordane\/olden\/olden-camping-gytri-110915\/?l=region&#8220; _builder_version=&#8220;4.16&#8243; custom_margin=&#8220;50px||&#8220; global_colors_info=&#8220;{}&#8220;][\/et_pb_image][\/et_pb_column][\/et_pb_row][\/et_pb_section][et_pb_section fb_built=&#8220;1&#8243; fullwidth=&#8220;on&#8220; _builder_version=&#8220;4.16&#8243; global_colors_info=&#8220;{}&#8220;][et_pb_fullwidth_image src=&#8220;http:\/\/oldencamping.com\/wp-content\/uploads\/2019\/04\/received_10160518245180551-lite.jpg&#8220; _builder_version=&#8220;4.16&#8243; global_colors_info=&#8220;{}&#8220;][\/et_pb_fullwidth_image][\/et_pb_section]<\/p>\n","protected":false},"excerpt":{"rendered":"<p>Willkommen zu Olden CampingDer Campingplatz \u201eOlden Camping \u201c liegt am See Oldevatnet, der sich in einem der sch\u00f6nsten T\u00e4ler des Nordfjords befindet \u2013 dem Oldedalen. Dies ist gepr\u00e4gt von hohen Bergen und Wasserf\u00e4llen, Seen und Gletscherausl\u00e4ufern. Sie finden uns 13,5 km von Olden-Zentrum entfernt an der Stra\u00dfe Fv 5726 Olden in Richtung des Gletscherausl\u00e4ufers Briksdalsbreen.\u00a0 [&hellip;]<\/p>\n","protected":false},"author":1,"featured_media":0,"parent":0,"menu_order":0,"comment_status":"closed","ping_status":"closed","template":"","meta":{"_et_pb_use_builder":"on","_et_pb_old_content":"<h2>Velkommen til Olden Camping\u00a0Gytri<\/h2>\r\n<div>Olden Camping, Gytri ligger ved Oldevatnet, i en av Nordfjords fineste daler - Oldedalen. Plassen er omkranset av h\u00f8ye fjell, fosser, vann og breer. Dere finner oss 13,5 km fra Olden sentrum, ved Fv 724 Olden - Briksdalsbreen. Vi er den <span style=\"text-decoration: underline;\"><span style=\"color: rgb(255, 0, 0);\"><strong>andre<\/strong> <\/span><\/span>campingplassen etter tunellen, NB! Se etter Elgen ved innkj\u00f8ringen. Olden Camping, Gytri er et godt utgangspunkt for fotturer i fjell, skog og mark, guidede breturer eller dagsturer med bil. Vertskapet p\u00e5 Olden Camping, Gytri legger stor vekt p\u00e5 service og renhold!<\/div>\r\n<div>Sommer \u00e5pent fra 1 mai til 30 september.\u00a0 <strong>GPS: N =\u00a061`43`20,04\u2033\u00a0 E= 6`47`39,14\u2033<\/strong><\/div>\r\n<div>\u00a0<\/div>\r\n<div><em><strong>:o) Til Info: <strong><em>Glampingteltet blir satt opp i juni, ta kontakt for booking p\u00e5 e-post eller tlf: <\/em><\/strong><\/strong><\/em><\/div>\r\n<div><em><strong> post@oldencamping.com\u00a0\u00a0 Mob: +47 48 22 69 70<\/strong><\/em><\/div>\r\n<div><em>\u00a0<\/em><\/div>\r\n<div>\r\n\r\nVi vil f\u00e5 \u00f8nske Dere hjertelig velkommen!\r\n\r\n<\/div>\r\n<div><img width=\"360\" height=\"220\" class=\"alignnone wp-image-771\" alt=\"saniteranlegg\" src=\"https:\/\/oldencamping.com\/wp-content\/uploads\/2014\/04\/saniteranlegg-1024x625.png\">\u00a0 \u00a0 \u00a0 \u00a0<img width=\"165\" height=\"220\" class=\"alignnone wp-image-768\" alt=\"elg\" src=\"https:\/\/oldencamping.com\/wp-content\/uploads\/2014\/04\/elg-225x300.jpg\"><\/div>\r\n<div><a href=\"http:\/\/www.nafcamp.no\/campingplasser\/2489-olden-camping-gytri\"><img width=\"158\" height=\"53\" class=\"alignnone wp-image-789 size-full\" alt=\"lg_1\" src=\"https:\/\/oldencamping.com\/wp-content\/uploads\/2014\/04\/lg_1.png\"><\/a><\/div>\r\n<div>\r\n<div>\u00a0<\/div>\r\n<div><span style=\"font-family: Verdana; font-size: small;\"> GPS: <\/span><\/div>\r\n<div><span style=\"font-family: Verdana; font-size: small;\">N:\u00a0 61 44`19.8\"<\/span><\/div>\r\n<div><span style=\"font-family: Verdana; font-size: small;\">E:\u00a0\u00a006 47`22.2\"<\/span><\/div>\r\n<\/div>\r\n\r\n\r\n\r\n\r\n\r\n\r\n","_et_gb_content_width":"","footnotes":""},"class_list":["post-879","page","type-page","status-publish","hentry"],"_links":{"self":[{"href":"https:\/\/oldencamping.com\/de\/wp-json\/wp\/v2\/pages\/879","targetHints":{"allow":["GET"]}}],"collection":[{"href":"https:\/\/oldencamping.com\/de\/wp-json\/wp\/v2\/pages"}],"about":[{"href":"https:\/\/oldencamping.com\/de\/wp-json\/wp\/v2\/types\/page"}],"author":[{"embeddable":true,"href":"https:\/\/oldencamping.com\/de\/wp-json\/wp\/v2\/users\/1"}],"replies":[{"embeddable":true,"href":"https:\/\/oldencamping.com\/de\/wp-json\/wp\/v2\/comments?post=879"}],"version-history":[{"count":16,"href":"https:\/\/oldencamping.com\/de\/wp-json\/wp\/v2\/pages\/879\/revisions"}],"predecessor-version":[{"id":2046,"href":"https:\/\/oldencamping.com\/de\/wp-json\/wp\/v2\/pages\/879\/revisions\/2046"}],"wp:attachment":[{"href":"https:\/\/oldencamping.com\/de\/wp-json\/wp\/v2\/media?parent=879"}],"curies":[{"name":"wp","href":"https:\/\/api.w.org\/{rel}","templated":true}]}}