{"id":1270,"date":"2014-04-07T21:08:47","date_gmt":"2014-04-07T19:08:47","guid":{"rendered":"http:\/\/oldencamping.com\/kart\/"},"modified":"2019-04-20T20:22:20","modified_gmt":"2019-04-20T18:22:20","slug":"kart","status":"publish","type":"page","link":"https:\/\/oldencamping.com\/nl\/kart\/","title":{"rendered":"Kaart"},"content":{"rendered":"<p>[et_pb_section fb_built=&#8221;1&#8243; fullwidth=&#8221;on&#8221; module_class=&#8221;fullheight_map&#8221; _builder_version=&#8221;3.22&#8243; custom_margin=&#8221;103px||&#8221;][et_pb_fullwidth_map address=&#8221;Gytri, 6788 Olden, Norge&#8221; zoom_level=&#8221;15&#8243; address_lat=&#8221;61.7390034&#8243; address_lng=&#8221;6.7900765&#8243; mouse_wheel=&#8221;off&#8221; _builder_version=&#8221;3.22&#8243;][\/et_pb_fullwidth_map][\/et_pb_section][et_pb_section fb_built=&#8221;1&#8243; custom_padding_last_edited=&#8221;on|tablet&#8221; admin_label=&#8221;Contact Form&#8221; _builder_version=&#8221;3.22&#8243; background_color=&#8221;rgba(19,23,54,0)&#8221; background_image=&#8221;http:\/\/oldencamping.com\/wp-content\/uploads\/2019\/04\/golf_course_43-trans.png&#8221; background_position=&#8221;bottom_center&#8221; min_height=&#8221;654px&#8221; custom_padding=&#8221;||||false|false&#8221; custom_padding_tablet=&#8221;||40px&#8221; locked=&#8221;off&#8221;][et_pb_row custom_padding=&#8221;32px|37px|32px|37px|true|true&#8221; custom_padding_tablet=&#8221;60px|60px|60px|60px|true|true&#8221; custom_padding_phone=&#8221;|30px||30px||true&#8221; custom_margin=&#8221;-144px|1104px||183px||&#8221; make_equal=&#8221;on&#8221; custom_padding_last_edited=&#8221;on|phone&#8221; background_color_2=&#8221;#efefef&#8221; padding_top_2=&#8221;20px&#8221; padding_right_2=&#8221;20px&#8221; padding_bottom_2=&#8221;20px&#8221; padding_left_2=&#8221;20px&#8221; _builder_version=&#8221;3.22&#8243; background_color=&#8221;#fcfcfc&#8221; border_radii=&#8221;|5px|5px|5px|5px&#8221; box_shadow_style=&#8221;preset1&#8243; box_shadow_vertical=&#8221;-4px&#8221; box_shadow_spread=&#8221;1px&#8221; box_shadow_color=&#8221;rgba(0,0,0,0.25)&#8221; max_width=&#8221;646px&#8221; min_height=&#8221;550px&#8221; custom_css_main_element=&#8221;z-index:1000;&#8221; use_custom_width=&#8221;on&#8221; custom_width_px=&#8221;800px&#8221;][et_pb_column type=&#8221;4_4&#8243; _builder_version=&#8221;3.19.3&#8243;][et_pb_text _builder_version=&#8221;3.22.1&#8243; text_font=&#8221;||||||||&#8221; header_font=&#8221;||||||||&#8221; header_2_font=&#8221;Oswald|500||on|on|||#81c100|&#8221; header_2_font_size=&#8221;48px&#8221; header_2_font_size_tablet=&#8221;32px&#8221; header_2_font_size_phone=&#8221;24px&#8221; header_2_font_size_last_edited=&#8221;on|tablet&#8221; header_2_line_height=&#8221;1.6em&#8221; background_color=&#8221;#efefef&#8221; text_orientation=&#8221;center&#8221; width=&#8221;100%&#8221; max_width=&#8221;700px&#8221; module_alignment=&#8221;center&#8221; custom_padding=&#8221;20px||10px|||&#8221;]<\/p>\n<h1>Kaart<\/h1>\n<p>[\/et_pb_text][et_pb_text admin_label=&#8221;Text&#8221; _builder_version=&#8221;3.22.1&#8243; background_size=&#8221;initial&#8221; background_position=&#8221;top_left&#8221; background_repeat=&#8221;repeat&#8221;]<\/p>\n<p><strong>Route naar de camping uit Oslo<\/strong><br \/> Volg route E6 in noordelijke richting tot aan Otta te bereiken. Neem route RV15 westwaarts naar Stryn.<br \/> Rij door het centrum van Stryn, naar links in de rotonde bij ESSO tankstation.<br \/> Volg route RV60 richting F\u00f8rde tot je bij het centrum van Olden. Volg de weg naar Briksdalen voor ongeveer 14 km.<br \/> De camping is de tweede aan de linker kant, door de kleine tunnel en over de kleine brug.<\/p>\n<p><strong>Komende vanuit Bergen<\/strong><br \/> Volg route E39 in noordelijke richting tot aan Skei bereiken. Neem de aanwijzingen in de richting van Stryn.<br \/> Bij aankomst in Olden naar rechts bij het eerste kruispunt (na de brug) en volg de landweg FV724 naar Briksdalsbreen voor 14 km.<br \/> De camping is de tweede aan de linker kant, door de kleine tunnel en over de brug smal.<\/p>\n<p>GPS: N:\u00a0 61`43`20,04&#8243; E:\u00a0\u00a0\u00a0 6`47`39`14&#8243;<\/p>\n<p>[\/et_pb_text][\/et_pb_column][\/et_pb_row][\/et_pb_section]<\/p>\n","protected":false},"excerpt":{"rendered":"<p>Kaart Route naar de camping uit Oslo Volg route E6 in noordelijke richting tot aan Otta te bereiken. Neem route RV15 westwaarts naar Stryn. Rij door het centrum van Stryn, naar links in de rotonde bij ESSO tankstation. Volg route RV60 richting F\u00f8rde tot je bij het centrum van Olden. Volg de weg naar Briksdalen [&hellip;]<\/p>\n","protected":false},"author":1,"featured_media":0,"parent":0,"menu_order":0,"comment_status":"closed","ping_status":"open","template":"","meta":{"_et_pb_use_builder":"on","_et_pb_old_content":"<!--:NO-->\r\nFra Oslo: F\u00f8lg E6 nordover til Otta. Kj\u00f8r RV 15 vestover til Stryn. Kj\u00f8r gjennom Stryn sentrum og ta til venstre i rundkj\u00f8ringen ved Esso. F\u00f8lg RV 60 mot F\u00f8rde til Dere kommer til Olden sentrum. F\u00f8lg skilt mot Briksdalsbreen Fv 724, ca 14 km.Campingplassen er den andre p\u00e5 venstre side, over en liten bro. ( Se etter skiltet \u2013 OLDEN -p\u00e5 veien Fv 724) Fra Bergen: F\u00f8lg E39 nordover helt til Skei. F\u00f8lg skiltingen mot Stryn. Ta til h\u00f8yre i f\u00f8rste kryss i Olden og f\u00f8lg Fv 724 mot Briksdalsbreen, ca 14 km. Campingplassen er den andre p\u00e5 venstre side etter r\u00f8rtunnellen, over en liten bro. ( Se etter skiltet \u2013 <span style=\"color: #ff0000;\">OLDEN<\/span> -p\u00e5 veien Fv 724) GPS: N:&nbsp; 61`43`20,04\u2033 E:&nbsp;&nbsp;&nbsp; 6`47`39`14\u2033 <iframe src=\"https:\/\/maps.google.no\/maps?f=q&amp;source=embed&amp;hl=no&amp;geocode=&amp;q=Olden+Camping+Gytri%E2%80%8E&amp;aq=&amp;sll=59.019514,9.542683&amp;sspn=0.632674,2.113495&amp;t=m&amp;ie=UTF8&amp;hq=&amp;hnear=&amp;iwloc=A&amp;ll=61.739169,6.787498&amp;spn=0.010566,0.032015&amp;output=embed\" width=\"425\" height=\"350\" frameborder=\"0\" marginwidth=\"0\" marginheight=\"0\" scrolling=\"no\"><\/iframe> <small><a style=\"color: #0000ff; text-align: left;\" href=\"https:\/\/maps.google.no\/maps?f=q&amp;source=embed&amp;hl=no&amp;geocode=&amp;q=Olden+Camping+Gytri%E2%80%8E&amp;aq=&amp;sll=59.019514,9.542683&amp;sspn=0.632674,2.113495&amp;t=m&amp;ie=UTF8&amp;hq=&amp;hnear=&amp;iwloc=A&amp;ll=61.739169,6.787498&amp;spn=0.010566,0.032015\">Vis st\u00f8rre kart<\/a><\/small>\r\n<!--:-->\r\n\r\n<!--:en--><span style=\"font-family: Verdana; font-size: small;\">Directions to the campsite Coming from Oslo: Follow route E6 northward until you reach Otta. Take route RV15 westward to Stryn. Drive through the centre of Stryn, take to the left in the roundabout at ESSO filling station. Follow route RV60 towards F\u00f8rde until you get to the centre of Olden. Follow the road to Briksdalen for about 14 km. The campsite is the second one at the left-side, through the small tunnel and over the smal bridge. Coming from Bergen: Follow route E39 northward until you reach Skei. Take directions towards Stryn. Upon arriving in Olden take to the right at the first crossing (after the bridge) and follow country road FV724 to Briksdalsbreen for 14 km. The campsite is the second one at the left-side, through the small tunnel and over the smal bridge.<\/span> <span style=\"font-family: Verdana; font-size: small;\">GPS: N:&nbsp; 61`43`20,04\" E:&nbsp;&nbsp;&nbsp; 6`47`39`14\"<\/span> <iframe src=\"https:\/\/maps.google.no\/maps?f=q&amp;source=embed&amp;hl=no&amp;geocode=&amp;q=Olden+Camping+Gytri%E2%80%8E&amp;aq=&amp;sll=59.019514,9.542683&amp;sspn=0.632674,2.113495&amp;t=m&amp;ie=UTF8&amp;hq=&amp;hnear=&amp;iwloc=A&amp;ll=61.739169,6.787498&amp;spn=0.010566,0.032015&amp;output=embed\" width=\"425\" height=\"350\" frameborder=\"0\" marginwidth=\"0\" marginheight=\"0\" scrolling=\"no\"><\/iframe> <small><a style=\"color: #0000ff; text-align: left;\" href=\"https:\/\/maps.google.no\/maps?f=q&amp;source=embed&amp;hl=no&amp;geocode=&amp;q=Olden+Camping+Gytri%E2%80%8E&amp;aq=&amp;sll=59.019514,9.542683&amp;sspn=0.632674,2.113495&amp;t=m&amp;ie=UTF8&amp;hq=&amp;hnear=&amp;iwloc=A&amp;ll=61.739169,6.787498&amp;spn=0.010566,0.032015\">View larger map<\/a><\/small>\r\n<!--:-->\r\n\r\n<!--:de-->Aus Richtung Oslo: Folgen Sie der E6 n\u00f6rdlich bis Otta. Fahren Sie in westliche Richtung den RV 15 nach Stryn, durch das Stryn-Zentrum und am Kreisverkehr an der Esso-Tankstelle den RV 60 Richtung F\u00f6rde bis zum Olden-Zentrum. Folgen Sie der Ausschilderung Richtung Briksdalsbreen etwa 14 km. Unser Campingplatz ist der zweite Platz auf der linken Seite, den Sie \u00fcber eine kleine Br\u00fccke erreichen. (Achten Sie auf das Schild -OLDEN- auf dem Weg Fv 724) Aus Richtung Bergen: Folgen Sie der E39 n\u00f6rdlich bis Skei und danach der Ausschilderung Richtung Stryn. Fahren Sie nach rechts an der ersten Kreuzung in Olden (\u00fcber die Br\u00fccke). Folgen Sie der Ausschilderung Richtung Briksdalsbreen etwa 14 km. Unser Campingplatz ist der zweite Platz auf der linken Seite, den Sie \u00fcber eine kleine Br\u00fccke erreichen. (Achten Sie auf das Schild -OLDEN- auf dem Weg Fv 724) <span style=\"font-family: Verdana; font-size: small;\">GPS: N:&nbsp; 61`43`20,04\" E:&nbsp;&nbsp;&nbsp; 6`47`39`14\"<\/span> <iframe src=\"https:\/\/maps.google.no\/maps?f=q&amp;source=embed&amp;hl=no&amp;geocode=&amp;q=Olden+Camping+Gytri%E2%80%8E&amp;aq=&amp;sll=59.019514,9.542683&amp;sspn=0.632674,2.113495&amp;t=m&amp;ie=UTF8&amp;hq=&amp;hnear=&amp;iwloc=A&amp;ll=61.739169,6.787498&amp;spn=0.010566,0.032015&amp;output=embed\" width=\"425\" height=\"350\" frameborder=\"0\" marginwidth=\"0\" marginheight=\"0\" scrolling=\"no\"><\/iframe> <small><a style=\"color: #0000ff; text-align: left;\" href=\"https:\/\/maps.google.no\/maps?f=q&amp;source=embed&amp;hl=no&amp;geocode=&amp;q=Olden+Camping+Gytri%E2%80%8E&amp;aq=&amp;sll=59.019514,9.542683&amp;sspn=0.632674,2.113495&amp;t=m&amp;ie=UTF8&amp;hq=&amp;hnear=&amp;iwloc=A&amp;ll=61.739169,6.787498&amp;spn=0.010566,0.032015\">Karte vergr\u00f6\u00dfern<\/a><\/small>\r\n<!--:-->\r\n\r\n<!--:nl--><span style=\"font-family: Verdana; font-size: small;\">Route naar de camping uit Oslo: Volg route E6 in noordelijke richting tot aan Otta te bereiken. Neem route RV15 westwaarts naar Stryn. Rij door het centrum van Stryn, naar links in de rotonde bij ESSO tankstation. Volg route RV60 richting F\u00f8rde tot je bij het centrum van Olden. Volg de weg naar Briksdalen voor ongeveer 14 km. De camping is de tweede aan de linker kant, door de kleine tunnel en over de kleine brug. Komende vanuit Bergen: Volg route E39 in noordelijke richting tot aan Skei bereiken. Neem de aanwijzingen in de richting van Stryn. Bij aankomst in Olden naar rechts bij het eerste kruispunt (na de brug) en volg de landweg FV724 naar Briksdalsbreen voor 14 km. De camping is de tweede aan de linker kant, door de kleine tunnel en over de brug smal.<\/span> <span style=\"font-family: Verdana; font-size: small;\">GPS: N:&nbsp; 61`43`20,04\" E:&nbsp;&nbsp;&nbsp; 6`47`39`14\"<\/span> <iframe src=\"https:\/\/maps.google.no\/maps?f=q&amp;source=embed&amp;hl=no&amp;geocode=&amp;q=Olden+Camping+Gytri%E2%80%8E&amp;aq=&amp;sll=59.019514,9.542683&amp;sspn=0.632674,2.113495&amp;t=m&amp;ie=UTF8&amp;hq=&amp;hnear=&amp;iwloc=A&amp;ll=61.739169,6.787498&amp;spn=0.010566,0.032015&amp;output=embed\" width=\"425\" height=\"350\" frameborder=\"0\" marginwidth=\"0\" marginheight=\"0\" scrolling=\"no\"><\/iframe> <small><a style=\"color: #0000ff; text-align: left;\" href=\"https:\/\/maps.google.no\/maps?f=q&amp;source=embed&amp;hl=no&amp;geocode=&amp;q=Olden+Camping+Gytri%E2%80%8E&amp;aq=&amp;sll=59.019514,9.542683&amp;sspn=0.632674,2.113495&amp;t=m&amp;ie=UTF8&amp;hq=&amp;hnear=&amp;iwloc=A&amp;ll=61.739169,6.787498&amp;spn=0.010566,0.032015\">Grotere kaart weergeven<\/a><\/small>\r\n<!--:-->","_et_gb_content_width":"","footnotes":""},"class_list":["post-1270","page","type-page","status-publish","hentry"],"_links":{"self":[{"href":"https:\/\/oldencamping.com\/nl\/wp-json\/wp\/v2\/pages\/1270","targetHints":{"allow":["GET"]}}],"collection":[{"href":"https:\/\/oldencamping.com\/nl\/wp-json\/wp\/v2\/pages"}],"about":[{"href":"https:\/\/oldencamping.com\/nl\/wp-json\/wp\/v2\/types\/page"}],"author":[{"embeddable":true,"href":"https:\/\/oldencamping.com\/nl\/wp-json\/wp\/v2\/users\/1"}],"replies":[{"embeddable":true,"href":"https:\/\/oldencamping.com\/nl\/wp-json\/wp\/v2\/comments?post=1270"}],"version-history":[{"count":4,"href":"https:\/\/oldencamping.com\/nl\/wp-json\/wp\/v2\/pages\/1270\/revisions"}],"predecessor-version":[{"id":1316,"href":"https:\/\/oldencamping.com\/nl\/wp-json\/wp\/v2\/pages\/1270\/revisions\/1316"}],"wp:attachment":[{"href":"https:\/\/oldencamping.com\/nl\/wp-json\/wp\/v2\/media?parent=1270"}],"curies":[{"name":"wp","href":"https:\/\/api.w.org\/{rel}","templated":true}]}}