{"id":1388,"date":"2014-04-07T21:09:34","date_gmt":"2014-04-07T19:09:34","guid":{"rendered":"http:\/\/oldencamping.com\/historie\/"},"modified":"2019-07-21T11:37:16","modified_gmt":"2019-07-21T09:37:16","slug":"historie","status":"publish","type":"page","link":"https:\/\/oldencamping.com\/nl\/historie\/","title":{"rendered":"Geschiedenis"},"content":{"rendered":"<p>[et_pb_section fb_built=&#8221;1&#8243; admin_label=&#8221;Header&#8221; _builder_version=&#8221;3.22.3&#8243; background_image=&#8221;http:\/\/oldencamping.com\/wp-content\/uploads\/2019\/04\/18953613_1347333108677524_1038951409377703421_o-lav.jpg&#8221; min_height=&#8221;825px&#8221; custom_margin=&#8221;|||||&#8221; custom_padding=&#8221;||||true|false&#8221; custom_width_px__hover=&#8221;1080px&#8221; custom_width_px__hover_enabled=&#8221;1080px&#8221; custom_width_percent__hover=&#8221;80%&#8221; custom_width_percent__hover_enabled=&#8221;80%&#8221; locked=&#8221;off&#8221; background_color_gradient_start__hover=&#8221;#2b87da&#8221; background_color_gradient_start__hover_enabled=&#8221;#2b87da&#8221; background_color_gradient_end__hover=&#8221;#29c4a9&#8243; background_color_gradient_end__hover_enabled=&#8221;#29c4a9&#8243; use_background_color_gradient__hover=&#8221;off&#8221; use_background_color_gradient__hover_enabled=&#8221;off&#8221; background_color_gradient_type__hover=&#8221;linear&#8221; background_color_gradient_type__hover_enabled=&#8221;linear&#8221; background_color_gradient_direction__hover=&#8221;180deg&#8221; background_color_gradient_direction__hover_enabled=&#8221;180deg&#8221; background_color_gradient_direction_radial__hover=&#8221;center&#8221; background_color_gradient_direction_radial__hover_enabled=&#8221;center&#8221; background_color_gradient_start_position__hover=&#8221;0%&#8221; background_color_gradient_start_position__hover_enabled=&#8221;0%&#8221; background_color_gradient_end_position__hover=&#8221;100%&#8221; background_color_gradient_end_position__hover_enabled=&#8221;100%&#8221; background_color_gradient_overlays_image__hover=&#8221;off&#8221; background_color_gradient_overlays_image__hover_enabled=&#8221;off&#8221; gutter_width__hover=&#8221;3&#8243; gutter_width__hover_enabled=&#8221;3&#8243; parallax_1__hover=&#8221;off&#8221; parallax_1__hover_enabled=&#8221;off&#8221; parallax_2__hover=&#8221;off&#8221; parallax_2__hover_enabled=&#8221;off&#8221; parallax_3__hover=&#8221;off&#8221; parallax_3__hover_enabled=&#8221;off&#8221; parallax_method_1__hover=&#8221;on&#8221; parallax_method_1__hover_enabled=&#8221;on&#8221; parallax_method_2__hover=&#8221;on&#8221; parallax_method_2__hover_enabled=&#8221;on&#8221; parallax_method_3__hover=&#8221;on&#8221; parallax_method_3__hover_enabled=&#8221;on&#8221; background_position__hover=&#8221;center&#8221; background_position__hover_enabled=&#8221;center&#8221; parallax__hover=&#8221;off&#8221; parallax__hover_enabled=&#8221;off&#8221; parallax_method__hover=&#8221;on&#8221; parallax_method__hover_enabled=&#8221;on&#8221; background_size__hover=&#8221;cover&#8221; background_size__hover_enabled=&#8221;cover&#8221; background_repeat__hover=&#8221;no-repeat&#8221; background_repeat__hover_enabled=&#8221;no-repeat&#8221; background_blend__hover=&#8221;normal&#8221; background_blend__hover_enabled=&#8221;normal&#8221; allow_player_pause__hover=&#8221;off&#8221; allow_player_pause__hover_enabled=&#8221;off&#8221; background_video_pause_outside_viewport__hover=&#8221;on&#8221; background_video_pause_outside_viewport__hover_enabled=&#8221;on&#8221; inner_shadow__hover=&#8221;off&#8221; inner_shadow__hover_enabled=&#8221;off&#8221; make_fullwidth__hover=&#8221;off&#8221; make_fullwidth__hover_enabled=&#8221;off&#8221; use_custom_width__hover=&#8221;off&#8221; use_custom_width__hover_enabled=&#8221;off&#8221; width_unit__hover=&#8221;on&#8221; width_unit__hover_enabled=&#8221;on&#8221; make_equal__hover=&#8221;off&#8221; make_equal__hover_enabled=&#8221;off&#8221; use_custom_gutter__hover=&#8221;off&#8221; use_custom_gutter__hover_enabled=&#8221;off&#8221; border_radii__hover=&#8221;on||||&#8221; border_radii__hover_enabled=&#8221;on||||&#8221; box_shadow_style__hover=&#8221;none&#8221; box_shadow_style__hover_enabled=&#8221;none&#8221; box_shadow_color__hover=&#8221;rgba(0,0,0,0.3)&#8221; box_shadow_color__hover_enabled=&#8221;rgba(0,0,0,0.3)&#8221; max_width__hover=&#8221;100%&#8221; max_width__hover_enabled=&#8221;100%&#8221; filter_hue_rotate__hover=&#8221;0deg&#8221; filter_hue_rotate__hover_enabled=&#8221;0deg&#8221; filter_saturate__hover=&#8221;100%&#8221; filter_saturate__hover_enabled=&#8221;100%&#8221; filter_brightness__hover=&#8221;100%&#8221; filter_brightness__hover_enabled=&#8221;100%&#8221; filter_contrast__hover=&#8221;100%&#8221; filter_contrast__hover_enabled=&#8221;100%&#8221; filter_invert__hover=&#8221;0%&#8221; filter_invert__hover_enabled=&#8221;0%&#8221; filter_sepia__hover=&#8221;0%&#8221; filter_sepia__hover_enabled=&#8221;0%&#8221; filter_opacity__hover=&#8221;100%&#8221; filter_opacity__hover_enabled=&#8221;100%&#8221; filter_blur__hover=&#8221;0px&#8221; filter_blur__hover_enabled=&#8221;0px&#8221; mix_blend_mode__hover=&#8221;normal&#8221; mix_blend_mode__hover_enabled=&#8221;normal&#8221; animation_style__hover=&#8221;none&#8221; animation_style__hover_enabled=&#8221;none&#8221; animation_repeat__hover=&#8221;once&#8221; animation_repeat__hover_enabled=&#8221;once&#8221; animation_direction__hover=&#8221;center&#8221; animation_direction__hover_enabled=&#8221;center&#8221; animation_duration__hover=&#8221;1000ms&#8221; animation_duration__hover_enabled=&#8221;1000ms&#8221; animation_delay__hover=&#8221;0ms&#8221; animation_delay__hover_enabled=&#8221;0ms&#8221; animation_intensity_slide__hover=&#8221;50%&#8221; animation_intensity_slide__hover_enabled=&#8221;50%&#8221; animation_intensity_zoom__hover=&#8221;50%&#8221; animation_intensity_zoom__hover_enabled=&#8221;50%&#8221; animation_intensity_flip__hover=&#8221;50%&#8221; animation_intensity_flip__hover_enabled=&#8221;50%&#8221; animation_intensity_fold__hover=&#8221;50%&#8221; animation_intensity_fold__hover_enabled=&#8221;50%&#8221; animation_intensity_roll__hover=&#8221;50%&#8221; animation_intensity_roll__hover_enabled=&#8221;50%&#8221; animation_starting_opacity__hover=&#8221;0%&#8221; animation_starting_opacity__hover_enabled=&#8221;0%&#8221; animation_speed_curve__hover=&#8221;ease-in-out&#8221; animation_speed_curve__hover_enabled=&#8221;ease-in-out&#8221; hover_transition_duration__hover=&#8221;300ms&#8221; hover_transition_duration__hover_enabled=&#8221;300ms&#8221; hover_transition_delay__hover=&#8221;0ms&#8221; hover_transition_delay__hover_enabled=&#8221;0ms&#8221; hover_transition_speed_curve__hover=&#8221;ease&#8221; hover_transition_speed_curve__hover_enabled=&#8221;ease&#8221;][\/et_pb_section][et_pb_section fb_built=&#8221;1&#8243; custom_padding_last_edited=&#8221;on|tablet&#8221; admin_label=&#8221;Contact Form&#8221; _builder_version=&#8221;3.22.3&#8243; background_color=&#8221;rgba(19,23,54,0)&#8221; background_image=&#8221;http:\/\/oldencamping.com\/wp-content\/uploads\/2019\/04\/golf_course_43-trans.png&#8221; background_position=&#8221;bottom_center&#8221; min_height=&#8221;654px&#8221; custom_padding=&#8221;||||false|false&#8221; custom_padding_tablet=&#8221;||40px&#8221; locked=&#8221;off&#8221;][et_pb_row custom_padding=&#8221;32px|37px|32px|37px|true|true&#8221; custom_padding_tablet=&#8221;60px|60px|60px|60px|true|true&#8221; custom_padding_phone=&#8221;|30px||30px||true&#8221; custom_margin=&#8221;-350px|auto||auto||&#8221; make_equal=&#8221;on&#8221; custom_padding_last_edited=&#8221;on|phone&#8221; background_color_2=&#8221;#efefef&#8221; padding_top_2=&#8221;20px&#8221; padding_right_2=&#8221;20px&#8221; padding_bottom_2=&#8221;20px&#8221; padding_left_2=&#8221;20px&#8221; _builder_version=&#8221;3.22.3&#8243; background_color=&#8221;#fcfcfc&#8221; border_radii=&#8221;|5px|5px|5px|5px&#8221; box_shadow_style=&#8221;preset1&#8243; box_shadow_vertical=&#8221;-22px&#8221; box_shadow_spread=&#8221;1px&#8221; box_shadow_color=&#8221;rgba(0,0,0,0.25)&#8221; max_width=&#8221;963px&#8221; min_height=&#8221;720px&#8221; custom_css_main_element=&#8221;z-index:1000;&#8221; use_custom_width=&#8221;on&#8221; custom_width_px=&#8221;800px&#8221;][et_pb_column type=&#8221;4_4&#8243; _builder_version=&#8221;3.19.3&#8243;][et_pb_text _builder_version=&#8221;3.22.1&#8243; text_font=&#8221;||||||||&#8221; header_font=&#8221;||||||||&#8221; header_2_font=&#8221;Oswald|500||on|on|||#81c100|&#8221; header_2_font_size=&#8221;48px&#8221; header_2_line_height=&#8221;1.6em&#8221; background_color=&#8221;#efefef&#8221; text_orientation=&#8221;center&#8221; width=&#8221;100%&#8221; max_width=&#8221;700px&#8221; module_alignment=&#8221;center&#8221; custom_padding=&#8221;20px||10px|||&#8221; header_2_font_size_tablet=&#8221;32px&#8221; header_2_font_size_phone=&#8221;24px&#8221; header_2_font_size_last_edited=&#8221;on|tablet&#8221;]<\/p>\n<h1>Geschiedenis<\/h1>\n<p>[\/et_pb_text][et_pb_text admin_label=&#8221;Text&#8221; _builder_version=&#8221;3.22.1&#8243; background_size=&#8221;initial&#8221; background_position=&#8221;top_left&#8221; background_repeat=&#8221;repeat&#8221;]<\/p>\n<p>Olden Camping Gytri, werd officieel geopend in 1961 onder de naam Gytri Camping. Vanwege de naam verwarring de naam werd later veranderd in Olden Camping Gytri. Gytri Camping was de eerste camping in de vallei van Oldedalen (op de weg tussen Olden en Briksdal). De camping is altijd familiebedrijf geweest, uit de vroege dagen toen Leiv Gytri begon het tot 1990 toen zijn zoon John Arild Gytri over de plaats, die de plaats liep tot aan zijn dood in 2015. Nieuwe eigenaren duurde meer dan in december 2015, Roger Sveum nam en Kristin Fonn Sveum, ze verplaatst van Hamar en begon in het seizoen mei 2016. dan Leiv in het begin was er slechts plaats voor enkele tenten en auto&#8217;s. Veel werk werd in de plaats te zetten en tussen 1965-1975 drie hutten werden gebouwd. Op dat moment waren de sanitaire voorzieningen zeer eenvoudig. Maar in 1995 nieuwe faciliteiten, toegankelijk voor gehandicapten, werden gebouwd, en er was ook ruimte voor de verwijdering van de camping toilette afval. Met de jaren is de camping verbeterd meer en meer naar de gasten &#8216;welzijn, comfort en last but not least zorgen voor de plek voor gasten om te komen werken. Vandaag Olden Camping, Gytri heeft een capaciteit van ongeveer 50 tenten, campers en caravans.<\/p>\n<p>[\/et_pb_text][\/et_pb_column][\/et_pb_row][\/et_pb_section]<\/p>\n","protected":false},"excerpt":{"rendered":"<p>GeschiedenisOlden Camping Gytri, werd officieel geopend in 1961 onder de naam Gytri Camping. Vanwege de naam verwarring de naam werd later veranderd in Olden Camping Gytri. Gytri Camping was de eerste camping in de vallei van Oldedalen (op de weg tussen Olden en Briksdal). De camping is altijd familiebedrijf geweest, uit de vroege dagen toen [&hellip;]<\/p>\n","protected":false},"author":1,"featured_media":0,"parent":0,"menu_order":0,"comment_status":"closed","ping_status":"open","template":"","meta":{"_et_pb_use_builder":"on","_et_pb_old_content":"<!--:NO-->Olden Camping, Gytri \u00e5pnet offisielt i 1961, da med navnet <span style=\"text-decoration: underline;\">Gytri Camping<\/span>. Navnendring ble gjort i \u00e5r 2000, p\u00e5 grunn av navneforveksling mellom to campingplasser i bygda.\u00a0 Gytri Camping var den f\u00f8rste campingplassen i Oldedalen (p\u00e5 veien mellom Olden og Briksdal). Campingplassen var\u00a0en familiebedrift frem til 2015, den gangen startet av Leiv Gytri i 1961\u00a0og i 1990 overtatt av s\u00f8nnen John Arild Gytri, som drev plassen frem til han d\u00f8de i 2015. Nye eiere overtok i desember 2015, Roger Sveum og Kristin Fonn Sveum, dem flyttet fra Hamar og startet opp\u00a0i sesongen mai 2016.\u00a0Da Leiv startet opp, var det bare plass til noen f\u00e5 enheter. Campingplassen ble dyrket opp med h\u00e5ndemakt. I perioden 1965 \u2013 75 ble det bygd 3 hytter. Sanit\u00e6ranlegget bestod den gangen av et utetoalett. I 1995 ble det bygd nytt sanit\u00e6ranlegg som ogs\u00e5 er tilrettelagt for funksjonshemmede. Det ble laget egen plass for t\u00f8mming av caravan og bobiler. Etter som \u00e5rene er g\u00e5tt, har familienGytri stadig forbedret campingplassen med tanke p\u00e5 gjestenes trivsel, komfort og ikke minst p\u00e5 fremtidens turisme. Olden Camping, Gytri har plass til ca 50 enheter. Olden Camping, Gytri ligger ved Oldevatnet, i en av Nordfjords fineste daler \u2013 Oldedalen. Plassen er omkranset av h\u00f8ye fjell, fosser, vann og breer. Flott utsikt fra campingplassen, der dere kan slappe av og nyte utsikten.\u00a0Dere finner oss ca\u00a014 km fra Olden sentrum, ved Fv. 724 Olden \u2013 Briksdalsbreen. Olden Camping, Gytri er et godt utgangspunkt for fotturer i fjell, skog og mark, guidede breturer og dagsturer med bil. <img class=\"wp-image-201 alignleft\" src=\"http:\/\/oldencamping.com\/wp-content\/uploads\/2014\/04\/17-Mai-2007-Camping-027-1024x768.jpg\" alt=\"17 Mai 2007 - Camping 027\" width=\"430\" height=\"323\" \/>\r\n\r\n<!--:--><!--:en-->Olden Camping Gytri, was officially opened in 1961 under the name of Gytri Camping. Because of name confusions the name was changed later into Olden Camping Gytri. Gytri Camping was the first campsite in the valley of Oldedalen (at the road between Olden and Briksdal). The campsite has always been family business, from the early days when Leiv Gytri started it until 1990 when his son John Arild Gytri took over the Place, who ran the place until he died in 2015. New owners took over in December 2015, Roger Sveum and Kristin Fonn Sveum\u00a0, them moved from Hamar and started up in the season may 2016. Then Leiv At the beginning there was only place for a few tents and cars. A lot of work was put into the place and between 1965-1975 three cabins were built. At that point the sanitary facilities were very simple. But in 1995 new facilities, accessible for handicapped persons, were built, and there was also given room for disposal of camping toilette waste. With the years, the campsite has improved more and more to ensure the guests\u00b4 well-being, comfort and last but not least to update the place for guests to come. Today Olden Camping, Gytri has capacity for about 50 tents, camping-cars and caravans. <img class=\"wp-image-201 alignleft\" src=\"http:\/\/oldencamping.com\/wp-content\/uploads\/2014\/04\/17-Mai-2007-Camping-027-1024x768.jpg\" alt=\"17 Mai 2007 - Camping 027\" width=\"430\" height=\"323\" \/>\r\n\r\n<!--:--><!--:de-->\u201eOlden Camping Gytri\u201c wurde offiziell 1961 unter dem Namen \u201eGytri Camping\u201c er\u00f6ffnet. Dieser wurde im Jahr 2000 auf Grund von immer wieder vorkommenden Namensverwechslungen ge\u00e4ndert. Gytri war der erste Campingplatz im Oldedalen auf dem Weg zwischen Olden und dem Briksdal. Er ist ein traditionsreicher Familienbetrieb und wurde von Leif Gytri gegr\u00fcndet. 1990 \u00fcbernahm ihn sein Sohn John Arild Gytri, die den Platz lief, bis zu seinem Tod im Jahr 2015. Neuen Besitzer \u00fcbernahm im Dezember 2015, Roger Sveum und Kristin Fonn Sveum, zog von Hamar und begann oben in der Saison kann 2016. Dann\u00a0Leif begann mit nur einigen wenigen Stellpl\u00e4tzen und erweiterte seinen Platz 1965 bis 1975 durch den Bau von 3 H\u00fctten. Die sanit\u00e4re Anlage bestand damals aus nur einem Au\u00dfen-WC. 1995 wurde die neue sanit\u00e4re Anlage mit behindertengerechter Ausstattung errichtet und eine Entsorgungsm\u00f6glichkeit f\u00fcr Abwasser- und WC-Tanks von Wohnanh\u00e4ngern und Wohnmobilen geschaffen. W\u00e4hrend der folgenden Jahre verbesserte die Familie Gytri st\u00e4ndig ihren Campingplatz mit dem Gedanken an das Wohlbefinden der G\u00e4ste, den Komfort und nicht zuletzt an den zuk\u00fcnftigen Tourismus. Heute bietet Olden Camping Gytri 50 Stellpl\u00e4tze an. Der Campingplatz \u201eOlden Camping Gytri\u201c liegt am See Oldevatnet, der sich in einem der sch\u00f6nsten T\u00e4ler des Nordfjords befindet - dem Oldedalen. Dies ist gepr\u00e4gt von hohen Bergen und Wasserf\u00e4llen, Seen und Gletscherausl\u00e4ufern. Sie finden uns 14 km von Olden-Zentrum entfernt an der Stra\u00dfe Fv 726 Olden in Richtung des Gletscherausl\u00e4ufers Briksdalsbreen. Olden Camping Gytri ist ein guter Ausgangspunkt f\u00fcr Touren in Berg, Wald und Feld, gef\u00fchrte Gletschertouren oder Tagestouren mit dem Auto. Wir legen gro\u00dfen Wert auf guten Service und Sauberkeit und hei\u00dfen Sie herzlich willkommen! <img class=\"wp-image-201 alignleft\" src=\"http:\/\/oldencamping.com\/wp-content\/uploads\/2014\/04\/17-Mai-2007-Camping-027-1024x768.jpg\" alt=\"17 Mai 2007 - Camping 027\" width=\"430\" height=\"323\" \/>\r\n\r\n<!--:--><!--:nl-->Olden Camping Gytri, werd officieel geopend in 1961 onder de naam Gytri Camping. Vanwege de naam verwarring de naam werd later veranderd in Olden Camping Gytri. Gytri Camping was de eerste camping in de vallei van Oldedalen (op de weg tussen Olden en Briksdal). De camping is altijd familiebedrijf geweest, uit de vroege dagen toen Leiv Gytri begon het tot 1990 toen zijn zoon John Arild Gytri over de plaats, die de plaats liep tot aan zijn dood in 2015. Nieuwe eigenaren duurde meer dan in december 2015, Roger Sveum nam en Kristin Fonn Sveum, ze verplaatst van Hamar en begon in het seizoen mei 2016. dan Leiv in het begin was er slechts plaats voor enkele tenten en auto's. Veel werk werd in de plaats te zetten en tussen 1965-1975 drie hutten werden gebouwd. Op dat moment waren de sanitaire voorzieningen zeer eenvoudig. Maar in 1995 nieuwe faciliteiten, toegankelijk voor gehandicapten, werden gebouwd, en er was ook ruimte voor de verwijdering van de camping toilette afval. Met de jaren is de camping verbeterd meer en meer naar de gasten 'welzijn, comfort en last but not least zorgen voor de plek voor gasten om te komen werken. Vandaag Olden Camping, Gytri heeft een capaciteit van ongeveer 50 tenten, campers en caravans. <img class=\"wp-image-201 alignleft\" src=\"http:\/\/oldencamping.com\/wp-content\/uploads\/2014\/04\/17-Mai-2007-Camping-027-1024x768.jpg\" alt=\"17 Mai 2007 - Camping 027\" width=\"430\" height=\"323\" \/>\r\n\r\n<!--:-->","_et_gb_content_width":"","footnotes":""},"class_list":["post-1388","page","type-page","status-publish","hentry"],"_links":{"self":[{"href":"https:\/\/oldencamping.com\/nl\/wp-json\/wp\/v2\/pages\/1388","targetHints":{"allow":["GET"]}}],"collection":[{"href":"https:\/\/oldencamping.com\/nl\/wp-json\/wp\/v2\/pages"}],"about":[{"href":"https:\/\/oldencamping.com\/nl\/wp-json\/wp\/v2\/types\/page"}],"author":[{"embeddable":true,"href":"https:\/\/oldencamping.com\/nl\/wp-json\/wp\/v2\/users\/1"}],"replies":[{"embeddable":true,"href":"https:\/\/oldencamping.com\/nl\/wp-json\/wp\/v2\/comments?post=1388"}],"version-history":[{"count":5,"href":"https:\/\/oldencamping.com\/nl\/wp-json\/wp\/v2\/pages\/1388\/revisions"}],"predecessor-version":[{"id":1772,"href":"https:\/\/oldencamping.com\/nl\/wp-json\/wp\/v2\/pages\/1388\/revisions\/1772"}],"wp:attachment":[{"href":"https:\/\/oldencamping.com\/nl\/wp-json\/wp\/v2\/media?parent=1388"}],"curies":[{"name":"wp","href":"https:\/\/api.w.org\/{rel}","templated":true}]}}